{"id":103,"date":"2023-05-08T09:57:33","date_gmt":"2023-05-08T07:57:33","guid":{"rendered":"https:\/\/www.ivoexperience.com\/?page_id=103"},"modified":"2026-01-13T15:51:09","modified_gmt":"2026-01-13T14:51:09","slug":"kontakt","status":"publish","type":"page","link":"https:\/\/ivoexperience.no\/en\/kontakt","title":{"rendered":"Contact us"},"content":{"rendered":"\t\t<div data-elementor-type=\"wp-page\" data-elementor-id=\"103\" class=\"elementor elementor-103\" data-elementor-post-type=\"page\">\n\t\t\t\t<div class=\"elementor-element elementor-element-7f06e38 e-grid e-con-full e-con e-parent\" data-id=\"7f06e38\" data-element_type=\"container\" data-e-type=\"container\">\n\t\t<div class=\"elementor-element elementor-element-adf7fdf e-con-full e-flex e-con e-child\" data-id=\"adf7fdf\" data-element_type=\"container\" data-e-type=\"container\">\n\t\t\t\t<div class=\"elementor-element elementor-element-08c9f83 elementor-widget elementor-widget-heading\" data-id=\"08c9f83\" data-element_type=\"widget\" data-e-type=\"widget\" data-widget_type=\"heading.default\">\n\t\t\t\t\t<h1 class=\"elementor-heading-title elementor-size-default\">Kan vi hjelpe deg?<\/h1>\t\t\t\t<\/div>\n\t\t\t\t<div class=\"elementor-element elementor-element-5089578 elementor-widget elementor-widget-text-editor\" data-id=\"5089578\" data-element_type=\"widget\" data-e-type=\"widget\" data-widget_type=\"text-editor.default\">\n\t\t\t\t\t\t\t\t\t<p>Vi g\u00e5r i front for \u00e5 gj\u00f8re verden enklere. Vi er dedikerte til \u00e5 fjerne hindringer og skape kundevennlige l\u00f8sninger og opplevelser som vekker begeistring hos mennesker. Ta kontakt for en kaffekopp og for \u00e5 se hvordan et partnerskap med oss kan se ut.<\/p>\t\t\t\t\t\t\t\t<\/div>\n\t\t\t\t<\/div>\n\t\t\t\t<\/div>\n\t\t<div class=\"elementor-element elementor-element-c947eb9 e-grid e-con-full e-con e-parent\" data-id=\"c947eb9\" data-element_type=\"container\" data-e-type=\"container\">\n\t\t<div class=\"elementor-element elementor-element-24c8bd6 e-con-full e-flex e-con e-child\" data-id=\"24c8bd6\" data-element_type=\"container\" data-e-type=\"container\">\n\t\t\t\t<div class=\"elementor-element elementor-element-690bb30 elementor-widget elementor-widget-heading\" data-id=\"690bb30\" data-element_type=\"widget\" data-e-type=\"widget\" data-widget_type=\"heading.default\">\n\t\t\t\t\t<h2 class=\"elementor-heading-title elementor-size-default\">Send oss en melding<\/h2>\t\t\t\t<\/div>\n\t\t\t\t<div class=\"elementor-element elementor-element-7af4ec1 elementor-widget elementor-widget-text-editor\" data-id=\"7af4ec1\" data-element_type=\"widget\" data-e-type=\"widget\" data-widget_type=\"text-editor.default\">\n\t\t\t\t\t\t\t\t\t<p>Ettersom brevduer er pensjonert og r\u00f8yksignaler litt utdatert, tar vi gjerne i mot digital post.<\/p>\t\t\t\t\t\t\t\t<\/div>\n\t\t\t\t<div class=\"elementor-element elementor-element-56674e2 elementor-button-align-start elementor-widget elementor-widget-form\" data-id=\"56674e2\" data-element_type=\"widget\" data-e-type=\"widget\" data-settings=\"{&quot;step_next_label&quot;:&quot;Next&quot;,&quot;step_previous_label&quot;:&quot;Previous&quot;,&quot;step_type&quot;:&quot;number_text&quot;,&quot;step_icon_shape&quot;:&quot;circle&quot;}\" data-widget_type=\"form.default\">\n\t\t\t\t\t\t\t<form class=\"elementor-form\" method=\"post\" name=\"Kontakt\" aria-label=\"Kontakt\">\n\t\t\t<input type=\"hidden\" name=\"post_id\" value=\"103\"\/>\n\t\t\t<input type=\"hidden\" name=\"form_id\" value=\"56674e2\"\/>\n\t\t\t<input type=\"hidden\" name=\"referer_title\" value=\"Kontakt oss ~ Ivo Experience\" \/>\n\n\t\t\t\t\t\t\t<input type=\"hidden\" name=\"queried_id\" value=\"103\"\/>\n\t\t\t\n\t\t\t<div class=\"elementor-form-fields-wrapper elementor-labels-above\">\n\t\t\t\t\t\t\t\t<div class=\"elementor-field-type-text elementor-field-group elementor-column elementor-field-group-name elementor-col-100 elementor-field-required elementor-mark-required\">\n\t\t\t\t\t\t\t\t\t\t\t\t<label for=\"form-field-name\" class=\"elementor-field-label\">\n\t\t\t\t\t\t\t\tNavn\t\t\t\t\t\t\t<\/label>\n\t\t\t\t\t\t\t\t\t\t\t\t\t\t<input size=\"1\" type=\"text\" name=\"form_fields[name]\" id=\"form-field-name\" class=\"elementor-field elementor-size-lg  elementor-field-textual\" placeholder=\"Ditt navn\" required=\"required\">\n\t\t\t\t\t\t\t\t\t\t\t<\/div>\n\t\t\t\t\t\t\t\t<div class=\"elementor-field-type-email elementor-field-group elementor-column elementor-field-group-email elementor-col-100 elementor-field-required elementor-mark-required\">\n\t\t\t\t\t\t\t\t\t\t\t\t<label for=\"form-field-email\" class=\"elementor-field-label\">\n\t\t\t\t\t\t\t\tE-post\t\t\t\t\t\t\t<\/label>\n\t\t\t\t\t\t\t\t\t\t\t\t\t\t<input size=\"1\" type=\"email\" name=\"form_fields[email]\" id=\"form-field-email\" class=\"elementor-field elementor-size-lg  elementor-field-textual\" placeholder=\"Din e-post\" required=\"required\">\n\t\t\t\t\t\t\t\t\t\t\t<\/div>\n\t\t\t\t\t\t\t\t<div class=\"elementor-field-type-tel elementor-field-group elementor-column elementor-field-group-field_c54fb8b elementor-col-100\">\n\t\t\t\t\t\t\t\t\t\t\t\t<label for=\"form-field-field_c54fb8b\" class=\"elementor-field-label\">\n\t\t\t\t\t\t\t\tTelefon\t\t\t\t\t\t\t<\/label>\n\t\t\t\t\t\t\t\t<input size=\"1\" type=\"tel\" name=\"form_fields[field_c54fb8b]\" id=\"form-field-field_c54fb8b\" class=\"elementor-field elementor-size-lg  elementor-field-textual\" placeholder=\"Din telefon\" pattern=\"[0-9()#&amp;+*-=.]+\" title=\"Only numbers and phone characters (#, -, *, etc) are accepted.\">\n\n\t\t\t\t\t\t<\/div>\n\t\t\t\t\t\t\t\t<div class=\"elementor-field-type-text elementor-field-group elementor-column elementor-field-group-field_764aaa3 elementor-col-100\">\n\t\t\t\t\t\t\t\t\t\t\t\t<label for=\"form-field-field_764aaa3\" class=\"elementor-field-label\">\n\t\t\t\t\t\t\t\tSelskap\t\t\t\t\t\t\t<\/label>\n\t\t\t\t\t\t\t\t\t\t\t\t\t\t<input size=\"1\" type=\"text\" name=\"form_fields[field_764aaa3]\" id=\"form-field-field_764aaa3\" class=\"elementor-field elementor-size-lg  elementor-field-textual\" placeholder=\"Ditt selskap\">\n\t\t\t\t\t\t\t\t\t\t\t<\/div>\n\t\t\t\t\t\t\t\t<div class=\"elementor-field-type-textarea elementor-field-group elementor-column elementor-field-group-message elementor-col-100 elementor-field-required elementor-mark-required\">\n\t\t\t\t\t\t\t\t\t\t\t\t<label for=\"form-field-message\" class=\"elementor-field-label\">\n\t\t\t\t\t\t\t\tMelding\t\t\t\t\t\t\t<\/label>\n\t\t\t\t\t\t<textarea class=\"elementor-field-textual elementor-field  elementor-size-lg\" name=\"form_fields[message]\" id=\"form-field-message\" rows=\"4\" placeholder=\"Fortell hvordan vi kan hjelpe dere *\" required=\"required\"><\/textarea>\t\t\t\t<\/div>\n\t\t\t\t\t\t\t\t<div class=\"elementor-field-type-recaptcha_v3 elementor-field-group elementor-column elementor-field-group-field_2a76bc6 elementor-col-100 recaptcha_v3-bottomright\">\n\t\t\t\t\t<div class=\"elementor-field\" id=\"form-field-field_2a76bc6\"><div class=\"elementor-g-recaptcha\" data-sitekey=\"6LdLHn8pAAAAAMwOXJf4_Q0p2O-AxrRLds6rd-cv\" data-type=\"v3\" data-action=\"Form\" data-badge=\"bottomright\" data-size=\"invisible\"><\/div><\/div>\t\t\t\t<\/div>\n\t\t\t\t\t\t\t\t<div class=\"elementor-field-group elementor-column elementor-field-type-submit elementor-col-100 e-form__buttons\">\n\t\t\t\t\t<button class=\"elementor-button elementor-size-sm\" type=\"submit\">\n\t\t\t\t\t\t<span class=\"elementor-button-content-wrapper\">\n\t\t\t\t\t\t\t\t\t\t\t\t\t\t\t\t\t\t\t\t\t\t<span class=\"elementor-button-text\">Send inn<\/span>\n\t\t\t\t\t\t\t\t\t\t\t\t\t<\/span>\n\t\t\t\t\t<\/button>\n\t\t\t\t<\/div>\n\t\t\t<\/div>\n\t\t<\/form>\n\t\t\t\t\t\t<\/div>\n\t\t\t\t<\/div>\n\t\t\t\t<\/div>\n\t\t<div class=\"elementor-element elementor-element-57cfb82 e-grid e-con-full e-con e-parent\" data-id=\"57cfb82\" data-element_type=\"container\" data-e-type=\"container\">\n\t\t<div class=\"elementor-element elementor-element-65e744d e-con-full e-flex e-con e-child\" data-id=\"65e744d\" data-element_type=\"container\" data-e-type=\"container\">\n\t\t\t\t<div class=\"elementor-element elementor-element-e8616fd elementor-widget elementor-widget-heading\" data-id=\"e8616fd\" data-element_type=\"widget\" data-e-type=\"widget\" data-widget_type=\"heading.default\">\n\t\t\t\t\t<h2 class=\"elementor-heading-title elementor-size-default\">Kom innom oss<\/h2>\t\t\t\t<\/div>\n\t\t\t\t<div class=\"elementor-element elementor-element-efd0691 elementor-widget elementor-widget-text-editor\" data-id=\"efd0691\" data-element_type=\"widget\" data-e-type=\"widget\" data-widget_type=\"text-editor.default\">\n\t\t\t\t\t\t\t\t\t<p>For de som foretrekker IRL over URL.<\/p>\t\t\t\t\t\t\t\t<\/div>\n\t\t\t\t<div class=\"elementor-element elementor-element-c7d6a3c elementor-widget elementor-widget-heading\" data-id=\"c7d6a3c\" data-element_type=\"widget\" data-e-type=\"widget\" data-widget_type=\"heading.default\">\n\t\t\t\t\t<h5 class=\"elementor-heading-title elementor-size-default\">Skippergata 4, 0151 Oslo<\/h5>\t\t\t\t<\/div>\n\t\t\t\t<\/div>\n\t\t\t\t<\/div>\n\t\t\t\t<\/div>\n\t\t","protected":false},"excerpt":{"rendered":"<p>Kan vi hjelpe deg? Vi g\u00e5r i front for \u00e5 gj\u00f8re verden enklere. Vi er dedikerte til \u00e5 fjerne hindringer og skape kundevennlige l\u00f8sninger og opplevelser som vekker begeistring hos mennesker. Ta kontakt for en kaffekopp og for \u00e5 se hvordan et partnerskap med oss kan se ut. Send oss en melding Ettersom brevduer er [&hellip;]<\/p>\n","protected":false},"author":3,"featured_media":0,"parent":0,"menu_order":0,"comment_status":"closed","ping_status":"closed","template":"","meta":{"footnotes":""},"class_list":["post-103","page","type-page","status-publish","hentry"],"pp_statuses_selecting_workflow":false,"pp_workflow_action":"current","pp_status_selection":"publish","yoast_head":"<!-- This site is optimized with the Yoast SEO plugin v27.5 - https:\/\/yoast.com\/product\/yoast-seo-wordpress\/ -->\n<title>Kontakt oss ~ Ivo Experience<\/title>\n<meta name=\"description\" content=\"Trenger du hjelp, eller bare en hyggelig prat? Vi h\u00f8rer gjerne mer om deg, og det du \u00f8nsker \u00e5 oppn\u00e5 med din bedrift.\" \/>\n<meta name=\"robots\" content=\"index, follow, max-snippet:-1, max-image-preview:large, max-video-preview:-1\" \/>\n<link rel=\"canonical\" href=\"https:\/\/ivoexperience.no\/en\/kontakt\/\" \/>\n<meta property=\"og:locale\" content=\"en_US\" \/>\n<meta property=\"og:type\" content=\"article\" \/>\n<meta property=\"og:title\" content=\"Kontakt oss ~ Ivo Experience\" \/>\n<meta property=\"og:description\" content=\"Trenger du hjelp, eller bare en hyggelig prat? Vi h\u00f8rer gjerne mer om deg, og det du \u00f8nsker \u00e5 oppn\u00e5 med din bedrift.\" \/>\n<meta property=\"og:url\" content=\"https:\/\/ivoexperience.no\/en\/kontakt\/\" \/>\n<meta property=\"og:site_name\" content=\"Ivo Experience\" \/>\n<meta property=\"article:publisher\" content=\"https:\/\/www.facebook.com\/ivoexperience\" \/>\n<meta property=\"article:modified_time\" content=\"2026-01-13T14:51:09+00:00\" \/>\n<meta property=\"og:image\" content=\"https:\/\/ivoexperience.no\/wp-content\/uploads\/2026\/01\/cropped-ivo_favicon.webp\" \/>\n\t<meta property=\"og:image:width\" content=\"512\" \/>\n\t<meta property=\"og:image:height\" content=\"512\" \/>\n\t<meta property=\"og:image:type\" content=\"image\/webp\" \/>\n<meta name=\"twitter:card\" content=\"summary_large_image\" \/>\n<meta name=\"twitter:label1\" content=\"Est. reading time\" \/>\n\t<meta name=\"twitter:data1\" content=\"1 minute\" \/>\n<script type=\"application\/ld+json\" class=\"yoast-schema-graph\">{\"@context\":\"https:\\\/\\\/schema.org\",\"@graph\":[{\"@type\":[\"WebPage\",\"ContactPage\"],\"@id\":\"https:\\\/\\\/ivoexperience.no\\\/kontakt\",\"url\":\"https:\\\/\\\/ivoexperience.no\\\/kontakt\",\"name\":\"Kontakt oss ~ Ivo Experience\",\"isPartOf\":{\"@id\":\"https:\\\/\\\/ivoexperience.no\\\/#website\"},\"datePublished\":\"2023-05-08T07:57:33+00:00\",\"dateModified\":\"2026-01-13T14:51:09+00:00\",\"description\":\"Trenger du hjelp, eller bare en hyggelig prat? Vi h\u00f8rer gjerne mer om deg, og det du \u00f8nsker \u00e5 oppn\u00e5 med din bedrift.\",\"breadcrumb\":{\"@id\":\"https:\\\/\\\/ivoexperience.no\\\/kontakt#breadcrumb\"},\"inLanguage\":\"en-US\",\"potentialAction\":[{\"@type\":\"ReadAction\",\"target\":[\"https:\\\/\\\/ivoexperience.no\\\/kontakt\"]}]},{\"@type\":\"BreadcrumbList\",\"@id\":\"https:\\\/\\\/ivoexperience.no\\\/kontakt#breadcrumb\",\"itemListElement\":[{\"@type\":\"ListItem\",\"position\":1,\"name\":\"Home\",\"item\":\"https:\\\/\\\/ivoexperience.no\\\/\"},{\"@type\":\"ListItem\",\"position\":2,\"name\":\"Kontakt oss\"}]},{\"@type\":\"WebSite\",\"@id\":\"https:\\\/\\\/ivoexperience.no\\\/#website\",\"url\":\"https:\\\/\\\/ivoexperience.no\\\/\",\"name\":\"Ivo Experience\",\"description\":\"Forvandler klikk til kunder\",\"publisher\":{\"@id\":\"https:\\\/\\\/ivoexperience.no\\\/#organization\"},\"potentialAction\":[{\"@type\":\"SearchAction\",\"target\":{\"@type\":\"EntryPoint\",\"urlTemplate\":\"https:\\\/\\\/ivoexperience.no\\\/?s={search_term_string}\"},\"query-input\":{\"@type\":\"PropertyValueSpecification\",\"valueRequired\":true,\"valueName\":\"search_term_string\"}}],\"inLanguage\":\"en-US\"},{\"@type\":\"Organization\",\"@id\":\"https:\\\/\\\/ivoexperience.no\\\/#organization\",\"name\":\"Ivo Experience\",\"url\":\"https:\\\/\\\/ivoexperience.no\\\/\",\"logo\":{\"@type\":\"ImageObject\",\"inLanguage\":\"en-US\",\"@id\":\"https:\\\/\\\/ivoexperience.no\\\/#\\\/schema\\\/logo\\\/image\\\/\",\"url\":\"https:\\\/\\\/ivoexperience.no\\\/wp-content\\\/uploads\\\/2026\\\/01\\\/cropped-ivo_favicon.webp\",\"contentUrl\":\"https:\\\/\\\/ivoexperience.no\\\/wp-content\\\/uploads\\\/2026\\\/01\\\/cropped-ivo_favicon.webp\",\"width\":512,\"height\":512,\"caption\":\"Ivo Experience\"},\"image\":{\"@id\":\"https:\\\/\\\/ivoexperience.no\\\/#\\\/schema\\\/logo\\\/image\\\/\"},\"sameAs\":[\"https:\\\/\\\/www.facebook.com\\\/ivoexperience\",\"https:\\\/\\\/instagram.com\\\/ivoexperience\"]}]}<\/script>\n<!-- \/ Yoast SEO plugin. -->","yoast_head_json":{"title":"Kontakt oss ~ Ivo Experience","description":"Trenger du hjelp, eller bare en hyggelig prat? Vi h\u00f8rer gjerne mer om deg, og det du \u00f8nsker \u00e5 oppn\u00e5 med din bedrift.","robots":{"index":"index","follow":"follow","max-snippet":"max-snippet:-1","max-image-preview":"max-image-preview:large","max-video-preview":"max-video-preview:-1"},"canonical":"https:\/\/ivoexperience.no\/en\/kontakt\/","og_locale":"en_US","og_type":"article","og_title":"Kontakt oss ~ Ivo Experience","og_description":"Trenger du hjelp, eller bare en hyggelig prat? Vi h\u00f8rer gjerne mer om deg, og det du \u00f8nsker \u00e5 oppn\u00e5 med din bedrift.","og_url":"https:\/\/ivoexperience.no\/en\/kontakt\/","og_site_name":"Ivo Experience","article_publisher":"https:\/\/www.facebook.com\/ivoexperience","article_modified_time":"2026-01-13T14:51:09+00:00","og_image":[{"width":512,"height":512,"url":"https:\/\/ivoexperience.no\/wp-content\/uploads\/2026\/01\/cropped-ivo_favicon.webp","type":"image\/webp"}],"twitter_card":"summary_large_image","twitter_misc":{"Est. reading time":"1 minute"},"schema":{"@context":"https:\/\/schema.org","@graph":[{"@type":["WebPage","ContactPage"],"@id":"https:\/\/ivoexperience.no\/kontakt","url":"https:\/\/ivoexperience.no\/kontakt","name":"Kontakt oss ~ Ivo Experience","isPartOf":{"@id":"https:\/\/ivoexperience.no\/#website"},"datePublished":"2023-05-08T07:57:33+00:00","dateModified":"2026-01-13T14:51:09+00:00","description":"Trenger du hjelp, eller bare en hyggelig prat? Vi h\u00f8rer gjerne mer om deg, og det du \u00f8nsker \u00e5 oppn\u00e5 med din bedrift.","breadcrumb":{"@id":"https:\/\/ivoexperience.no\/kontakt#breadcrumb"},"inLanguage":"en-US","potentialAction":[{"@type":"ReadAction","target":["https:\/\/ivoexperience.no\/kontakt"]}]},{"@type":"BreadcrumbList","@id":"https:\/\/ivoexperience.no\/kontakt#breadcrumb","itemListElement":[{"@type":"ListItem","position":1,"name":"Home","item":"https:\/\/ivoexperience.no\/"},{"@type":"ListItem","position":2,"name":"Kontakt oss"}]},{"@type":"WebSite","@id":"https:\/\/ivoexperience.no\/#website","url":"https:\/\/ivoexperience.no\/","name":"Ivo Experience","description":"Forvandler klikk til kunder","publisher":{"@id":"https:\/\/ivoexperience.no\/#organization"},"potentialAction":[{"@type":"SearchAction","target":{"@type":"EntryPoint","urlTemplate":"https:\/\/ivoexperience.no\/?s={search_term_string}"},"query-input":{"@type":"PropertyValueSpecification","valueRequired":true,"valueName":"search_term_string"}}],"inLanguage":"en-US"},{"@type":"Organization","@id":"https:\/\/ivoexperience.no\/#organization","name":"Ivo Experience","url":"https:\/\/ivoexperience.no\/","logo":{"@type":"ImageObject","inLanguage":"en-US","@id":"https:\/\/ivoexperience.no\/#\/schema\/logo\/image\/","url":"https:\/\/ivoexperience.no\/wp-content\/uploads\/2026\/01\/cropped-ivo_favicon.webp","contentUrl":"https:\/\/ivoexperience.no\/wp-content\/uploads\/2026\/01\/cropped-ivo_favicon.webp","width":512,"height":512,"caption":"Ivo Experience"},"image":{"@id":"https:\/\/ivoexperience.no\/#\/schema\/logo\/image\/"},"sameAs":["https:\/\/www.facebook.com\/ivoexperience","https:\/\/instagram.com\/ivoexperience"]}]}},"jetpack_sharing_enabled":true,"_links":{"self":[{"href":"https:\/\/ivoexperience.no\/en\/wp-json\/wp\/v2\/pages\/103","targetHints":{"allow":["GET"]}}],"collection":[{"href":"https:\/\/ivoexperience.no\/en\/wp-json\/wp\/v2\/pages"}],"about":[{"href":"https:\/\/ivoexperience.no\/en\/wp-json\/wp\/v2\/types\/page"}],"author":[{"embeddable":true,"href":"https:\/\/ivoexperience.no\/en\/wp-json\/wp\/v2\/users\/3"}],"replies":[{"embeddable":true,"href":"https:\/\/ivoexperience.no\/en\/wp-json\/wp\/v2\/comments?post=103"}],"version-history":[{"count":525,"href":"https:\/\/ivoexperience.no\/en\/wp-json\/wp\/v2\/pages\/103\/revisions"}],"predecessor-version":[{"id":18545,"href":"https:\/\/ivoexperience.no\/en\/wp-json\/wp\/v2\/pages\/103\/revisions\/18545"}],"wp:attachment":[{"href":"https:\/\/ivoexperience.no\/en\/wp-json\/wp\/v2\/media?parent=103"}],"curies":[{"name":"wp","href":"https:\/\/api.w.org\/{rel}","templated":true}]}}