{"id":16278,"date":"2024-11-07T10:49:36","date_gmt":"2024-11-07T09:49:36","guid":{"rendered":"https:\/\/ivoexperience.no\/?page_id=16278"},"modified":"2024-11-07T10:53:05","modified_gmt":"2024-11-07T09:53:05","slug":"brukertesting","status":"publish","type":"page","link":"https:\/\/ivoexperience.no\/en\/tjenester\/brukertesting","title":{"rendered":"User testing"},"content":{"rendered":"\t\t<div data-elementor-type=\"wp-page\" data-elementor-id=\"16278\" class=\"elementor elementor-16278\" data-elementor-post-type=\"page\">\n\t\t\t\t<div class=\"elementor-element elementor-element-4933411 e-grid e-con-full e-con e-parent\" data-id=\"4933411\" data-element_type=\"container\" data-e-type=\"container\">\n\t\t\t\t<div class=\"elementor-element elementor-element-435db57 elementor-widget elementor-widget-image\" data-id=\"435db57\" data-element_type=\"widget\" data-e-type=\"widget\" data-widget_type=\"image.default\">\n\t\t\t\t\t\t\t\t\t\t\t\t\t\t\t<img fetchpriority=\"high\" decoding=\"async\" width=\"1301\" height=\"1851\" src=\"https:\/\/ivoexperience.no\/wp-content\/uploads\/2023\/12\/DjamilaSkeidar.webp\" class=\"attachment-full size-full wp-image-3603\" alt=\"Djamila utf\u00f8rer brukertest p\u00e5 kunde hos Skeidar\" srcset=\"https:\/\/ivoexperience.no\/wp-content\/uploads\/2023\/12\/DjamilaSkeidar.webp 1301w, https:\/\/ivoexperience.no\/wp-content\/uploads\/2023\/12\/DjamilaSkeidar-211x300.webp 211w, https:\/\/ivoexperience.no\/wp-content\/uploads\/2023\/12\/DjamilaSkeidar-720x1024.webp 720w, https:\/\/ivoexperience.no\/wp-content\/uploads\/2023\/12\/DjamilaSkeidar-768x1093.webp 768w, https:\/\/ivoexperience.no\/wp-content\/uploads\/2023\/12\/DjamilaSkeidar-1080x1536.webp 1080w\" sizes=\"(max-width: 1301px) 100vw, 1301px\" \/>\t\t\t\t\t\t\t\t\t\t\t\t\t\t\t<\/div>\n\t\t<div class=\"elementor-element elementor-element-b0e4db7 e-con-full e-flex e-con e-child\" data-id=\"b0e4db7\" data-element_type=\"container\" data-e-type=\"container\" data-settings=\"{&quot;background_background&quot;:&quot;classic&quot;}\">\n\t\t<div class=\"elementor-element elementor-element-6181212 e-con-full e-flex e-con e-child\" data-id=\"6181212\" data-element_type=\"container\" data-e-type=\"container\" data-settings=\"{&quot;background_background&quot;:&quot;classic&quot;}\">\n\t\t<div class=\"elementor-element elementor-element-b1d694c e-con-full e-flex e-con e-child\" data-id=\"b1d694c\" data-element_type=\"container\" data-e-type=\"container\">\n\t\t\t\t<div class=\"elementor-element elementor-element-a95e30a elementor-widget elementor-widget-spacer\" data-id=\"a95e30a\" data-element_type=\"widget\" data-e-type=\"widget\" data-widget_type=\"spacer.default\">\n\t\t\t\t\t\t\t<div class=\"elementor-spacer\">\n\t\t\t<div class=\"elementor-spacer-inner\"><\/div>\n\t\t<\/div>\n\t\t\t\t\t\t<\/div>\n\t\t\t\t<div class=\"elementor-element elementor-element-4c0e073 elementor-widget elementor-widget-heading\" data-id=\"4c0e073\" data-element_type=\"widget\" data-e-type=\"widget\" data-widget_type=\"heading.default\">\n\t\t\t\t\t<h1 class=\"elementor-heading-title elementor-size-default\">Forst\u00e5 kunden din med brukertesting<\/h1>\t\t\t\t<\/div>\n\t\t\t\t<div class=\"elementor-element elementor-element-a58d808 elementor-widget elementor-widget-text-editor\" data-id=\"a58d808\" data-element_type=\"widget\" data-e-type=\"widget\" data-widget_type=\"text-editor.default\">\n\t\t\t\t\t\t\t\t\t<p>Brukertesting er en avgj\u00f8rende prosess for enhver nettbutikk som \u00f8nsker \u00e5 forst\u00e5 og forbedre brukeropplevelsen av deres produkter eller tjenester. Brukertesting gj\u00f8res p\u00e5 et utvalg mennesker for \u00e5 teste funksjoner eller kundereisen for \u00e5 kunne avdekke b\u00e5de feil og mangler i kj\u00f8pstrakten.<\/p>\t\t\t\t\t\t\t\t<\/div>\n\t\t\t\t<\/div>\n\t\t\t\t<\/div>\n\t\t\t\t<\/div>\n\t\t\t\t<\/div>\n\t\t<div class=\"elementor-element elementor-element-e90e8d8 e-grid e-con-full e-con e-parent\" data-id=\"e90e8d8\" data-element_type=\"container\" data-e-type=\"container\" data-settings=\"{&quot;background_background&quot;:&quot;classic&quot;}\">\n\t\t<div class=\"elementor-element elementor-element-51960fb e-flex e-con-boxed e-con e-child\" data-id=\"51960fb\" data-element_type=\"container\" data-e-type=\"container\">\n\t\t\t\t\t<div class=\"e-con-inner\">\n\t\t\t\t<div class=\"elementor-element elementor-element-aed22a2 elementor-widget elementor-widget-image\" data-id=\"aed22a2\" data-element_type=\"widget\" data-e-type=\"widget\" data-settings=\"{&quot;motion_fx_motion_fx_scrolling&quot;:&quot;yes&quot;,&quot;motion_fx_rotateZ_effect&quot;:&quot;yes&quot;,&quot;motion_fx_devices&quot;:[&quot;desktop&quot;,&quot;tablet&quot;],&quot;motion_fx_rotateZ_speed&quot;:{&quot;unit&quot;:&quot;px&quot;,&quot;size&quot;:1,&quot;sizes&quot;:[]},&quot;motion_fx_rotateZ_affectedRange&quot;:{&quot;unit&quot;:&quot;%&quot;,&quot;size&quot;:&quot;&quot;,&quot;sizes&quot;:{&quot;start&quot;:0,&quot;end&quot;:100}}}\" data-widget_type=\"image.default\">\n\t\t\t\t\t\t\t\t\t\t\t\t\t\t\t<img decoding=\"async\" width=\"141\" height=\"141\" src=\"https:\/\/ivoexperience.no\/wp-content\/uploads\/2024\/08\/Burst-pucker-2.svg\" class=\"attachment-large size-large wp-image-15186\" alt=\"\" \/>\t\t\t\t\t\t\t\t\t\t\t\t\t\t\t<\/div>\n\t\t\t\t\t<\/div>\n\t\t\t\t<\/div>\n\t\t<div class=\"elementor-element elementor-element-92aef4d e-con-full e-flex e-con e-child\" data-id=\"92aef4d\" data-element_type=\"container\" data-e-type=\"container\">\n\t\t<div class=\"elementor-element elementor-element-f7797f9 e-con-full e-flex e-con e-child\" data-id=\"f7797f9\" data-element_type=\"container\" data-e-type=\"container\">\n\t\t\t\t<div class=\"elementor-element elementor-element-f02d612 elementor-widget elementor-widget-heading\" data-id=\"f02d612\" data-element_type=\"widget\" data-e-type=\"widget\" data-widget_type=\"heading.default\">\n\t\t\t\t\t<h2 class=\"elementor-heading-title elementor-size-default\">Hva er Brukertesting?<\/h2>\t\t\t\t<\/div>\n\t\t\t\t<div class=\"elementor-element elementor-element-1aa21c3 elementor-widget elementor-widget-text-editor\" data-id=\"1aa21c3\" data-element_type=\"widget\" data-e-type=\"widget\" data-widget_type=\"text-editor.default\">\n\t\t\t\t\t\t\t\t\t<p>Ogs\u00e5 kjent som test av brukeropplevelse eller brukerfors\u00f8k, er en metode for \u00e5 evaluere hvordan faktiske brukere samhandler med et produkt, nettsted, app eller tjeneste. M\u00e5let med brukertesting er \u00e5 identifisere brukernes behov, utfordringer og preferanser for \u00e5 forbedre designet og funksjonaliteten.<\/p>\t\t\t\t\t\t\t\t<\/div>\n\t\t\t\t<\/div>\n\t\t\t\t<\/div>\n\t\t\t\t<\/div>\n\t\t<div class=\"elementor-element elementor-element-fb19121 e-con-full e-flex e-con e-parent\" data-id=\"fb19121\" data-element_type=\"container\" data-e-type=\"container\">\n\t\t<div class=\"elementor-element elementor-element-3ab07dd e-con-full e-flex e-con e-child\" data-id=\"3ab07dd\" data-element_type=\"container\" data-e-type=\"container\">\n\t\t<div class=\"elementor-element elementor-element-e90aa85 e-con-full e-flex e-con e-child\" data-id=\"e90aa85\" data-element_type=\"container\" data-e-type=\"container\">\n\t\t\t\t<div class=\"elementor-element elementor-element-3a1957d elementor-widget elementor-widget-text-editor\" data-id=\"3a1957d\" data-element_type=\"widget\" data-e-type=\"widget\" data-widget_type=\"text-editor.default\">\n\t\t\t\t\t\t\t\t\t<p>Hvorfor?<\/p>\t\t\t\t\t\t\t\t<\/div>\n\t\t\t\t<div class=\"elementor-element elementor-element-7b78315 elementor-widget__width-initial elementor-widget elementor-widget-heading\" data-id=\"7b78315\" data-element_type=\"widget\" data-e-type=\"widget\" data-widget_type=\"heading.default\">\n\t\t\t\t\t<h2 class=\"elementor-heading-title elementor-size-default\">Derfor b\u00f8r du jobbe med brukertesting<\/h2>\t\t\t\t<\/div>\n\t\t\t\t<div class=\"elementor-element elementor-element-8822879 elementor-widget elementor-widget-text-editor\" data-id=\"8822879\" data-element_type=\"widget\" data-e-type=\"widget\" data-widget_type=\"text-editor.default\">\n\t\t\t\t\t\t\t\t\t<p>Det finnes mange gode grunner til \u00e5 starte med brukertesting og dette er noen av grunnene:\u00a0<\/p><ul><li>Forbedret brukeropplevelse: Ved \u00e5 forst\u00e5 hvordan brukere faktisk bruker produktet, kan man identifisere omr\u00e5der for forbedring som kan gj\u00f8re opplevelsen mer intuitiv og engasjerende.\u00a0<br \/><br \/><\/li><li>Redusert risiko: Ved \u00e5 teste produktet tidlig i utviklingsprosessen kan man oppdage potensielle problemer, flaskehalser eller feil, og \u00e5 gj\u00f8re tiltak for \u00e5 rette dem opp f\u00f8r de n\u00e5r sluttbrukerne.\u00a0<br \/><br \/><\/li><li>\u00d8kt konverteringsrate: En bedre brukeropplevelse kan f\u00f8re til \u00f8kt konverteringsrate, da forn\u00f8yde brukere er mer tilb\u00f8yelige til \u00e5 fullf\u00f8re handlinger som kj\u00f8p eller registrering til blant annet nyhetsbrev.\u00a0<br \/><br \/><\/li><li>Innsikt i brukeratferd: Brukertesting gir verdifull innsikt i hvordan brukerne tenker, f\u00f8ler og handler n\u00e5r de samhandler med produktet, noe som kan brukes til \u00e5 informere design- og forretningsbeslutninger.\u00a0<br \/><br \/><\/li><li>Man trenger kun 5 brukere for \u00e5 avdekke 85% av feil, flaskehalser og irritasjoner p\u00e5 en nettside.<\/li><\/ul>\t\t\t\t\t\t\t\t<\/div>\n\t\t\t\t<\/div>\n\t\t\t\t<\/div>\n\t\t\t\t<\/div>\n\t\t<div class=\"elementor-element elementor-element-db2ae73 e-con-full e-flex e-con e-parent\" data-id=\"db2ae73\" data-element_type=\"container\" data-e-type=\"container\">\n\t\t<div class=\"elementor-element elementor-element-b7c25d3 e-con-full e-flex e-con e-child\" data-id=\"b7c25d3\" data-element_type=\"container\" data-e-type=\"container\">\n\t\t<div class=\"elementor-element elementor-element-96a51bf e-con-full e-flex e-con e-child\" data-id=\"96a51bf\" data-element_type=\"container\" data-e-type=\"container\">\n\t\t\t\t<div class=\"elementor-element elementor-element-f97475c elementor-widget__width-initial elementor-widget elementor-widget-heading\" data-id=\"f97475c\" data-element_type=\"widget\" data-e-type=\"widget\" data-widget_type=\"heading.default\">\n\t\t\t\t\t<h2 class=\"elementor-heading-title elementor-size-default\">Vi hjelper deg med brukertesting og konvertering<\/h2>\t\t\t\t<\/div>\n\t\t\t\t<div class=\"elementor-element elementor-element-0fb2f6f elementor-widget elementor-widget-text-editor\" data-id=\"0fb2f6f\" data-element_type=\"widget\" data-e-type=\"widget\" data-widget_type=\"text-editor.default\">\n\t\t\t\t\t\t\t\t\tBrukertesting er en uvurderlig prosess for \u00e5 forbedre brukeropplevelsen av digitale produkter og tjenester. Ved \u00e5 forst\u00e5 brukernes behov og preferanser gjennom testing og tilbakemeldinger, kan virksomheter utvikle mer effektive og engasjerende l\u00f8sninger som bidrar til \u00e5 oppn\u00e5 forretningsm\u00e5l og skape forn\u00f8yde brukere.\n\t\t\t\t\t\t\t\t<\/div>\n\t\t\t\t<div class=\"elementor-element elementor-element-01042ef elementor-align-center elementor-mobile-align-justify elementor-widget-mobile__width-inherit elementor-widget elementor-widget-button\" data-id=\"01042ef\" data-element_type=\"widget\" data-e-type=\"widget\" data-widget_type=\"button.default\">\n\t\t\t\t\t\t\t\t\t\t<a class=\"elementor-button elementor-button-link elementor-size-sm\" href=\"https:\/\/ivoexperience.no\/kontakt\">\n\t\t\t\t\t\t<span class=\"elementor-button-content-wrapper\">\n\t\t\t\t\t\t\t\t\t<span class=\"elementor-button-text\">Ta kontakt i dag<\/span>\n\t\t\t\t\t<\/span>\n\t\t\t\t\t<\/a>\n\t\t\t\t\t\t\t\t<\/div>\n\t\t\t\t<\/div>\n\t\t\t\t<\/div>\n\t\t\t\t<\/div>\n\t\t\t\t<\/div>\n\t\t","protected":false},"excerpt":{"rendered":"<p>Forst\u00e5 kunden din med brukertesting Brukertesting er en avgj\u00f8rende prosess for enhver nettbutikk som \u00f8nsker \u00e5 forst\u00e5 og forbedre brukeropplevelsen av deres produkter eller tjenester. Brukertesting gj\u00f8res p\u00e5 et utvalg mennesker for \u00e5 teste funksjoner eller kundereisen for \u00e5 kunne avdekke b\u00e5de feil og mangler i kj\u00f8pstrakten. Hva er Brukertesting? Ogs\u00e5 kjent som test av [&hellip;]<\/p>\n","protected":false},"author":3,"featured_media":0,"parent":57,"menu_order":0,"comment_status":"closed","ping_status":"closed","template":"","meta":{"footnotes":""},"class_list":["post-16278","page","type-page","status-publish","hentry"],"pp_statuses_selecting_workflow":false,"pp_workflow_action":"current","pp_status_selection":"publish","yoast_head":"<!-- This site is optimized with the Yoast SEO plugin v27.5 - https:\/\/yoast.com\/product\/yoast-seo-wordpress\/ -->\n<title>Brukertesting ~ Ivo Experience<\/title>\n<meta name=\"robots\" content=\"index, follow, max-snippet:-1, max-image-preview:large, max-video-preview:-1\" \/>\n<link rel=\"canonical\" href=\"https:\/\/ivoexperience.no\/en\/tjenester\/brukertesting\/\" \/>\n<meta property=\"og:locale\" content=\"en_US\" \/>\n<meta property=\"og:type\" content=\"article\" \/>\n<meta property=\"og:title\" content=\"Brukertesting ~ Ivo Experience\" \/>\n<meta property=\"og:description\" content=\"Forst\u00e5 kunden din med brukertesting Brukertesting er en avgj\u00f8rende prosess for enhver nettbutikk som \u00f8nsker \u00e5 forst\u00e5 og forbedre brukeropplevelsen av deres produkter eller tjenester. Brukertesting gj\u00f8res p\u00e5 et utvalg mennesker for \u00e5 teste funksjoner eller kundereisen for \u00e5 kunne avdekke b\u00e5de feil og mangler i kj\u00f8pstrakten. Hva er Brukertesting? Ogs\u00e5 kjent som test av [&hellip;]\" \/>\n<meta property=\"og:url\" content=\"https:\/\/ivoexperience.no\/en\/tjenester\/brukertesting\/\" \/>\n<meta property=\"og:site_name\" content=\"Ivo Experience\" \/>\n<meta property=\"article:publisher\" content=\"https:\/\/www.facebook.com\/ivoexperience\" \/>\n<meta property=\"article:modified_time\" content=\"2024-11-07T09:53:05+00:00\" \/>\n<meta property=\"og:image\" content=\"https:\/\/ivoexperience.no\/wp-content\/uploads\/2023\/12\/DjamilaSkeidar.webp\" \/>\n\t<meta property=\"og:image:width\" content=\"1301\" \/>\n\t<meta property=\"og:image:height\" content=\"1851\" \/>\n\t<meta property=\"og:image:type\" content=\"image\/webp\" \/>\n<meta name=\"twitter:card\" content=\"summary_large_image\" \/>\n<meta name=\"twitter:label1\" content=\"Est. reading time\" \/>\n\t<meta name=\"twitter:data1\" content=\"2 minutes\" \/>\n<script type=\"application\/ld+json\" class=\"yoast-schema-graph\">{\"@context\":\"https:\\\/\\\/schema.org\",\"@graph\":[{\"@type\":\"WebPage\",\"@id\":\"https:\\\/\\\/ivoexperience.no\\\/tjenester\\\/brukertesting\",\"url\":\"https:\\\/\\\/ivoexperience.no\\\/tjenester\\\/brukertesting\",\"name\":\"Brukertesting ~ Ivo Experience\",\"isPartOf\":{\"@id\":\"https:\\\/\\\/ivoexperience.no\\\/#website\"},\"primaryImageOfPage\":{\"@id\":\"https:\\\/\\\/ivoexperience.no\\\/tjenester\\\/brukertesting#primaryimage\"},\"image\":{\"@id\":\"https:\\\/\\\/ivoexperience.no\\\/tjenester\\\/brukertesting#primaryimage\"},\"thumbnailUrl\":\"https:\\\/\\\/ivoexperience.no\\\/wp-content\\\/uploads\\\/2023\\\/12\\\/DjamilaSkeidar.webp\",\"datePublished\":\"2024-11-07T09:49:36+00:00\",\"dateModified\":\"2024-11-07T09:53:05+00:00\",\"breadcrumb\":{\"@id\":\"https:\\\/\\\/ivoexperience.no\\\/tjenester\\\/brukertesting#breadcrumb\"},\"inLanguage\":\"en-US\",\"potentialAction\":[{\"@type\":\"ReadAction\",\"target\":[\"https:\\\/\\\/ivoexperience.no\\\/tjenester\\\/brukertesting\"]}]},{\"@type\":\"ImageObject\",\"inLanguage\":\"en-US\",\"@id\":\"https:\\\/\\\/ivoexperience.no\\\/tjenester\\\/brukertesting#primaryimage\",\"url\":\"https:\\\/\\\/ivoexperience.no\\\/wp-content\\\/uploads\\\/2023\\\/12\\\/DjamilaSkeidar.webp\",\"contentUrl\":\"https:\\\/\\\/ivoexperience.no\\\/wp-content\\\/uploads\\\/2023\\\/12\\\/DjamilaSkeidar.webp\"},{\"@type\":\"BreadcrumbList\",\"@id\":\"https:\\\/\\\/ivoexperience.no\\\/tjenester\\\/brukertesting#breadcrumb\",\"itemListElement\":[{\"@type\":\"ListItem\",\"position\":1,\"name\":\"Home\",\"item\":\"https:\\\/\\\/ivoexperience.no\\\/\"},{\"@type\":\"ListItem\",\"position\":2,\"name\":\"Tjenester\",\"item\":\"https:\\\/\\\/ivoexperience.no\\\/tjenester\"},{\"@type\":\"ListItem\",\"position\":3,\"name\":\"Brukertesting\"}]},{\"@type\":\"WebSite\",\"@id\":\"https:\\\/\\\/ivoexperience.no\\\/#website\",\"url\":\"https:\\\/\\\/ivoexperience.no\\\/\",\"name\":\"Ivo Experience\",\"description\":\"Forvandler klikk til kunder\",\"publisher\":{\"@id\":\"https:\\\/\\\/ivoexperience.no\\\/#organization\"},\"potentialAction\":[{\"@type\":\"SearchAction\",\"target\":{\"@type\":\"EntryPoint\",\"urlTemplate\":\"https:\\\/\\\/ivoexperience.no\\\/?s={search_term_string}\"},\"query-input\":{\"@type\":\"PropertyValueSpecification\",\"valueRequired\":true,\"valueName\":\"search_term_string\"}}],\"inLanguage\":\"en-US\"},{\"@type\":\"Organization\",\"@id\":\"https:\\\/\\\/ivoexperience.no\\\/#organization\",\"name\":\"Ivo Experience\",\"url\":\"https:\\\/\\\/ivoexperience.no\\\/\",\"logo\":{\"@type\":\"ImageObject\",\"inLanguage\":\"en-US\",\"@id\":\"https:\\\/\\\/ivoexperience.no\\\/#\\\/schema\\\/logo\\\/image\\\/\",\"url\":\"https:\\\/\\\/ivoexperience.no\\\/wp-content\\\/uploads\\\/2026\\\/01\\\/cropped-ivo_favicon.webp\",\"contentUrl\":\"https:\\\/\\\/ivoexperience.no\\\/wp-content\\\/uploads\\\/2026\\\/01\\\/cropped-ivo_favicon.webp\",\"width\":512,\"height\":512,\"caption\":\"Ivo Experience\"},\"image\":{\"@id\":\"https:\\\/\\\/ivoexperience.no\\\/#\\\/schema\\\/logo\\\/image\\\/\"},\"sameAs\":[\"https:\\\/\\\/www.facebook.com\\\/ivoexperience\",\"https:\\\/\\\/instagram.com\\\/ivoexperience\"]}]}<\/script>\n<!-- \/ Yoast SEO plugin. -->","yoast_head_json":{"title":"Brukertesting ~ Ivo Experience","robots":{"index":"index","follow":"follow","max-snippet":"max-snippet:-1","max-image-preview":"max-image-preview:large","max-video-preview":"max-video-preview:-1"},"canonical":"https:\/\/ivoexperience.no\/en\/tjenester\/brukertesting\/","og_locale":"en_US","og_type":"article","og_title":"Brukertesting ~ Ivo Experience","og_description":"Forst\u00e5 kunden din med brukertesting Brukertesting er en avgj\u00f8rende prosess for enhver nettbutikk som \u00f8nsker \u00e5 forst\u00e5 og forbedre brukeropplevelsen av deres produkter eller tjenester. Brukertesting gj\u00f8res p\u00e5 et utvalg mennesker for \u00e5 teste funksjoner eller kundereisen for \u00e5 kunne avdekke b\u00e5de feil og mangler i kj\u00f8pstrakten. Hva er Brukertesting? Ogs\u00e5 kjent som test av [&hellip;]","og_url":"https:\/\/ivoexperience.no\/en\/tjenester\/brukertesting\/","og_site_name":"Ivo Experience","article_publisher":"https:\/\/www.facebook.com\/ivoexperience","article_modified_time":"2024-11-07T09:53:05+00:00","og_image":[{"width":1301,"height":1851,"url":"https:\/\/ivoexperience.no\/wp-content\/uploads\/2023\/12\/DjamilaSkeidar.webp","type":"image\/webp"}],"twitter_card":"summary_large_image","twitter_misc":{"Est. reading time":"2 minutes"},"schema":{"@context":"https:\/\/schema.org","@graph":[{"@type":"WebPage","@id":"https:\/\/ivoexperience.no\/tjenester\/brukertesting","url":"https:\/\/ivoexperience.no\/tjenester\/brukertesting","name":"Brukertesting ~ Ivo Experience","isPartOf":{"@id":"https:\/\/ivoexperience.no\/#website"},"primaryImageOfPage":{"@id":"https:\/\/ivoexperience.no\/tjenester\/brukertesting#primaryimage"},"image":{"@id":"https:\/\/ivoexperience.no\/tjenester\/brukertesting#primaryimage"},"thumbnailUrl":"https:\/\/ivoexperience.no\/wp-content\/uploads\/2023\/12\/DjamilaSkeidar.webp","datePublished":"2024-11-07T09:49:36+00:00","dateModified":"2024-11-07T09:53:05+00:00","breadcrumb":{"@id":"https:\/\/ivoexperience.no\/tjenester\/brukertesting#breadcrumb"},"inLanguage":"en-US","potentialAction":[{"@type":"ReadAction","target":["https:\/\/ivoexperience.no\/tjenester\/brukertesting"]}]},{"@type":"ImageObject","inLanguage":"en-US","@id":"https:\/\/ivoexperience.no\/tjenester\/brukertesting#primaryimage","url":"https:\/\/ivoexperience.no\/wp-content\/uploads\/2023\/12\/DjamilaSkeidar.webp","contentUrl":"https:\/\/ivoexperience.no\/wp-content\/uploads\/2023\/12\/DjamilaSkeidar.webp"},{"@type":"BreadcrumbList","@id":"https:\/\/ivoexperience.no\/tjenester\/brukertesting#breadcrumb","itemListElement":[{"@type":"ListItem","position":1,"name":"Home","item":"https:\/\/ivoexperience.no\/"},{"@type":"ListItem","position":2,"name":"Tjenester","item":"https:\/\/ivoexperience.no\/tjenester"},{"@type":"ListItem","position":3,"name":"Brukertesting"}]},{"@type":"WebSite","@id":"https:\/\/ivoexperience.no\/#website","url":"https:\/\/ivoexperience.no\/","name":"Ivo Experience","description":"Forvandler klikk til kunder","publisher":{"@id":"https:\/\/ivoexperience.no\/#organization"},"potentialAction":[{"@type":"SearchAction","target":{"@type":"EntryPoint","urlTemplate":"https:\/\/ivoexperience.no\/?s={search_term_string}"},"query-input":{"@type":"PropertyValueSpecification","valueRequired":true,"valueName":"search_term_string"}}],"inLanguage":"en-US"},{"@type":"Organization","@id":"https:\/\/ivoexperience.no\/#organization","name":"Ivo Experience","url":"https:\/\/ivoexperience.no\/","logo":{"@type":"ImageObject","inLanguage":"en-US","@id":"https:\/\/ivoexperience.no\/#\/schema\/logo\/image\/","url":"https:\/\/ivoexperience.no\/wp-content\/uploads\/2026\/01\/cropped-ivo_favicon.webp","contentUrl":"https:\/\/ivoexperience.no\/wp-content\/uploads\/2026\/01\/cropped-ivo_favicon.webp","width":512,"height":512,"caption":"Ivo Experience"},"image":{"@id":"https:\/\/ivoexperience.no\/#\/schema\/logo\/image\/"},"sameAs":["https:\/\/www.facebook.com\/ivoexperience","https:\/\/instagram.com\/ivoexperience"]}]}},"jetpack_sharing_enabled":true,"_links":{"self":[{"href":"https:\/\/ivoexperience.no\/en\/wp-json\/wp\/v2\/pages\/16278","targetHints":{"allow":["GET"]}}],"collection":[{"href":"https:\/\/ivoexperience.no\/en\/wp-json\/wp\/v2\/pages"}],"about":[{"href":"https:\/\/ivoexperience.no\/en\/wp-json\/wp\/v2\/types\/page"}],"author":[{"embeddable":true,"href":"https:\/\/ivoexperience.no\/en\/wp-json\/wp\/v2\/users\/3"}],"replies":[{"embeddable":true,"href":"https:\/\/ivoexperience.no\/en\/wp-json\/wp\/v2\/comments?post=16278"}],"version-history":[{"count":11,"href":"https:\/\/ivoexperience.no\/en\/wp-json\/wp\/v2\/pages\/16278\/revisions"}],"predecessor-version":[{"id":16293,"href":"https:\/\/ivoexperience.no\/en\/wp-json\/wp\/v2\/pages\/16278\/revisions\/16293"}],"up":[{"embeddable":true,"href":"https:\/\/ivoexperience.no\/en\/wp-json\/wp\/v2\/pages\/57"}],"wp:attachment":[{"href":"https:\/\/ivoexperience.no\/en\/wp-json\/wp\/v2\/media?parent=16278"}],"curies":[{"name":"wp","href":"https:\/\/api.w.org\/{rel}","templated":true}]}}