{"id":3,"date":"2023-05-05T12:35:40","date_gmt":"2023-05-05T10:35:40","guid":{"rendered":"https:\/\/www.ivoexperience.com\/?page_id=3"},"modified":"2024-07-02T09:58:06","modified_gmt":"2024-07-02T07:58:06","slug":"personvernerklaering","status":"publish","type":"page","link":"https:\/\/ivoexperience.no\/en\/personvernerklaering","title":{"rendered":"Personvernerkl\u00e6ring"},"content":{"rendered":"<div data-elementor-type=\"wp-page\" data-elementor-id=\"3\" class=\"elementor elementor-3\" data-elementor-post-type=\"page\">\n\t\t\t\t<div class=\"elementor-element elementor-element-e8d579d e-con-full e-flex e-con e-parent\" data-id=\"e8d579d\" data-element_type=\"container\" data-e-type=\"container\" data-settings=\"{&quot;background_background&quot;:&quot;gradient&quot;}\">\n\t\t\t\t<div class=\"elementor-element elementor-element-13b4a7b elementor-widget elementor-widget-heading\" data-id=\"13b4a7b\" data-element_type=\"widget\" data-e-type=\"widget\" data-widget_type=\"heading.default\">\n\t\t\t\t\t<h1 class=\"elementor-heading-title elementor-size-default\">Personvernerkl\u00e6ring<\/h1>\t\t\t\t<\/div>\n\t\t\t\t<\/div>\n\t\t<div class=\"elementor-element elementor-element-6608deb e-flex e-con-boxed e-con e-parent\" data-id=\"6608deb\" data-element_type=\"container\" data-e-type=\"container\">\n\t\t\t\t\t<div class=\"e-con-inner\">\n\t\t<div class=\"elementor-element elementor-element-1eaf0a2 e-con-full e-flex e-con e-child\" data-id=\"1eaf0a2\" data-element_type=\"container\" data-e-type=\"container\">\n\t\t\t\t<div class=\"elementor-element elementor-element-5c1debd elementor-widget elementor-widget-text-editor\" data-id=\"5c1debd\" data-element_type=\"widget\" data-e-type=\"widget\" data-widget_type=\"text-editor.default\">\n\t\t\t\t\t\t\t\t\t<p class=\"font_8 wixui-rich-text__text\"><span class=\"wixui-rich-text__text\">Denne personvernerkl\u00e6ringen gjelder alle forretningsprosesser i&nbsp;<span class=\"backcolor_22 wixui-rich-text__text\">Ivo Experience AS<\/span>, heretter benevnt som Behandlingsansvarlig.<\/span><\/p>\n<p class=\"font_8 wixui-rich-text__text\">\n<\/p><p class=\"font_8 wixui-rich-text__text\"><span class=\"wixui-rich-text__text\">Erkl\u00e6ringen gir informasjon om databehandling utf\u00f8rt av Behandlingsansvarlig og bestemmer form\u00e5let og virkemidlene for behandlingen samt databehandling vi gj\u00f8r p\u00e5 vegne av v\u00e5re kunder basert p\u00e5 deres instruksjoner.<\/span><\/p>\n<p class=\"font_8 wixui-rich-text__text\"><span class=\"wixui-rich-text__text\">Behandling av personlige data er n\u00f8dvendig for at vi skal kunne ivareta v\u00e5re kontraktsforpliktelser og betjene deg som kunde. Personlig data kan ogs\u00e5 benyttes til f\u00f8lgende form\u00e5l: Salg, kontakt med kundeservice, markedsf\u00f8ring, informasjon, bokf\u00f8ring.<\/span><\/p>\n<p class=\"font_8 wixui-rich-text__text\"><span class=\"wixui-rich-text__text\">Ved markedsf\u00f8ring p\u00e5 e-post\/sms innhenter vi et samtykke p\u00e5 forh\u00e5nd.<\/span><\/p>\n<p class=\"font_8 wixui-rich-text__text\">\n<\/p><p class=\"font_8 wixui-rich-text__text\"><span class=\"wixui-rich-text__text\">Ved \u00e5 gi oss dine personlige opplysninger, godtar du praksis og vilk\u00e5r som er beskrevet i denne personvernerkl\u00e6ringen.<\/span><\/p>\n<p class=\"font_8 wixui-rich-text__text\"><span class=\"wixui-rich-text__text\">Om du har innsigelser med hensyn til v\u00e5r behandling av personvern har du ogs\u00e5 anledning \u00e5 klage til Datatilsynet.<\/span><\/p>\n<p class=\"font_8 wixui-rich-text__text\">\n<\/p><p class=\"font_8 wixui-rich-text__text\"><span class=\"wixui-rich-text__text\"><b>Behandlingsansvarlig<\/b>:<\/span><\/p>\n<p class=\"font_8 wixui-rich-text__text\">Ivo Experience AS<br><span style=\"font-family: var( --e-global-typography-bfac33b-font-family ), Sans-serif; font-size: var( --e-global-typography-bfac33b-font-size ); font-weight: var( --e-global-typography-bfac33b-font-weight ); letter-spacing: var( --e-global-typography-bfac33b-letter-spacing ); text-align: var(--text-align); background-color: var(--e-global-color-866e6f8); color: var(--e-global-color-secondary);\">Skippergata 4<br><\/span><span style=\"font-family: var( --e-global-typography-bfac33b-font-family ), Sans-serif; font-size: var( --e-global-typography-bfac33b-font-size ); font-weight: var( --e-global-typography-bfac33b-font-weight ); letter-spacing: var( --e-global-typography-bfac33b-letter-spacing ); text-align: var(--text-align); background-color: var(--e-global-color-866e6f8); color: var(--e-global-color-secondary);\">0151 OSLO<\/span><\/p>\n<p class=\"font_8 wixui-rich-text__text\"><span class=\"wixui-rich-text__text\"><span class=\"backcolor_22 wixui-rich-text__text\">E-post: hei@ivoexperience.no<\/span><\/span><\/p>\n<p class=\"font_8 wixui-rich-text__text\"><span class=\"wixui-rich-text__text\"><span class=\"backcolor_22 wixui-rich-text__text\">&nbsp;<\/span><\/span><\/p>\n<p class=\"font_8 wixui-rich-text__text\">\n<\/p><p class=\"font_8 wixui-rich-text__text\"><span class=\"wixui-rich-text__text\"><b>Opplysninger som innhentes<\/b><\/span><\/p>\n<p class=\"font_8 wixui-rich-text__text\"><span class=\"wixui-rich-text__text\">Opplysninger kan registreres og lagres n\u00e5r du er i kontakt med salg og support enten via e-post, chat eller n\u00e5r du bruker v\u00e5re tjenester.<\/span><\/p>\n<p class=\"font_8 wixui-rich-text__text\">\n<\/p><p class=\"font_8 wixui-rich-text__text\"><br><\/p>\n<p class=\"font_8 wixui-rich-text__text\">\n<\/p><p class=\"font_8 wixui-rich-text__text\"><span class=\"wixui-rich-text__text\"><b>Underleverand\u00f8rer<\/b><\/span><\/p>\n<p class=\"font_8 wixui-rich-text__text\"><span class=\"wixui-rich-text__text\">Behandlingsansvarlig benytter seg ogs\u00e5 av tjenester levert av 3. Part. Her er en oversikt over underleverand\u00f8rer hvor informasjon kan lagres<\/span><\/p>\n<p class=\"font_8 wixui-rich-text__text\">\n<\/p><p class=\"font_8 wixui-rich-text__text\"><span class=\"wixui-rich-text__text\">Gsuite by Google:<\/span><\/p>\n<p class=\"font_8 wixui-rich-text__text\"><span class=\"wixui-rich-text__text\">Gsuite by Google benyttes blant annet til h\u00e5ndtering av e-post, dokumenter (G Disk). Informasjon lagres i disse systemene og e-postkorrespondanse eller dokumenter kan v\u00e6re lagret hos Gsuite by Google.<\/span><\/p>\n<p class=\"font_8 wixui-rich-text__text\">\n<\/p><p class=\"font_8 wixui-rich-text__text\"><span class=\"wixui-rich-text__text\">Google Analytics:<\/span><\/p>\n<p class=\"font_8 wixui-rich-text__text\"><span class=\"wixui-rich-text__text\">Google Analytics benyttes for analyse av trafikk. IP-adresser og bes\u00f8ksm\u00f8nster lagres.<\/span><\/p>\n<p class=\"font_8 wixui-rich-text__text\">\n<\/p><p class=\"font_8 wixui-rich-text__text\"><span class=\"wixui-rich-text__text\"><b>Kommunikasjon gjennom e-post og sms<\/b><\/span><\/p>\n<p class=\"font_8 wixui-rich-text__text\">\n<\/p><p class=\"font_8 wixui-rich-text__text\"><span class=\"wixui-rich-text__text\">Vi benytter ogs\u00e5 e-post til markedsf\u00f8ring og kommunikasjon. Som bruker av Behandlingsansvarlig vil du med jevne mellomrom motta nyhetsbrev s\u00e5 fremst du har gitt et aktivt samtykke til det. Det er mulig \u00e5 &nbsp;melde seg av nyhetsbrev ved \u00e5 klikke p\u00e5 avmeldingslinken i e-postene.<\/span><\/p>\n<p class=\"font_8 wixui-rich-text__text\">\n<\/p><p class=\"font_8 wixui-rich-text__text\"><span class=\"wixui-rich-text__text\"><b>Innsyn og retting<\/b><\/span><\/p>\n<p class=\"font_8 wixui-rich-text__text\"><span class=\"wixui-rich-text__text\">Du har krav p\u00e5 innsyn i de opplysninger som er registrert om deg. Innsyn kan ogs\u00e5 f\u00e5s ved \u00e5 sende en henvendelse til hei@ivoexperience.no. Dersom de registrerte opplysninger ikke er riktige eller er ufullstendige, kan du kreve at opplysningene korrigeres i henhold til personopplysningsloven.<\/span><\/p>\n<p class=\"font_8 wixui-rich-text__text\">\n<\/p><p class=\"font_8 wixui-rich-text__text\"><span class=\"wixui-rich-text__text\">Oppbevaring og sletting<\/span><\/p>\n<p class=\"font_8 wixui-rich-text__text\"><span class=\"wixui-rich-text__text\">Opplysninger som ikke lenger er n\u00f8dvendig for det form\u00e5l de er laget for, slettes fra v\u00e5re systemer.<\/span><\/p>\t\t\t\t\t\t\t\t<\/div>\n\t\t\t\t<\/div>\n\t\t\t\t\t<\/div>\n\t\t\t\t<\/div>\n\t\t\t\t<\/div>","protected":false},"excerpt":{"rendered":"<p>Personvernerkl\u00e6ring Denne personvernerkl\u00e6ringen gjelder alle forretningsprosesser i&nbsp;Ivo Experience AS, heretter benevnt som Behandlingsansvarlig. Erkl\u00e6ringen gir informasjon om databehandling utf\u00f8rt av Behandlingsansvarlig og bestemmer form\u00e5let og virkemidlene for behandlingen samt databehandling vi gj\u00f8r p\u00e5 vegne av v\u00e5re kunder basert p\u00e5 deres instruksjoner. Behandling av personlige data er n\u00f8dvendig for at vi skal kunne ivareta v\u00e5re kontraktsforpliktelser [&hellip;]<\/p>\n","protected":false},"author":1,"featured_media":0,"parent":0,"menu_order":0,"comment_status":"closed","ping_status":"open","template":"","meta":{"footnotes":""},"class_list":["post-3","page","type-page","status-publish","hentry"],"pp_statuses_selecting_workflow":false,"pp_workflow_action":"current","pp_status_selection":"publish","yoast_head":"<!-- This site is optimized with the Yoast SEO plugin v27.4 - https:\/\/yoast.com\/product\/yoast-seo-wordpress\/ -->\n<title>Personvernerkl\u00e6ring ~ Ivo Experience<\/title>\n<meta name=\"robots\" content=\"index, follow, max-snippet:-1, max-image-preview:large, max-video-preview:-1\" \/>\n<link rel=\"canonical\" href=\"https:\/\/ivoexperience.no\/en\/personvernerklaering\/\" \/>\n<meta property=\"og:locale\" content=\"en_US\" \/>\n<meta property=\"og:type\" content=\"article\" \/>\n<meta property=\"og:title\" content=\"Personvernerkl\u00e6ring ~ Ivo Experience\" \/>\n<meta property=\"og:description\" content=\"Personvernerkl\u00e6ring Denne personvernerkl\u00e6ringen gjelder alle forretningsprosesser i&nbsp;Ivo Experience AS, heretter benevnt som Behandlingsansvarlig. Erkl\u00e6ringen gir informasjon om databehandling utf\u00f8rt av Behandlingsansvarlig og bestemmer form\u00e5let og virkemidlene for behandlingen samt databehandling vi gj\u00f8r p\u00e5 vegne av v\u00e5re kunder basert p\u00e5 deres instruksjoner. Behandling av personlige data er n\u00f8dvendig for at vi skal kunne ivareta v\u00e5re kontraktsforpliktelser [&hellip;]\" \/>\n<meta property=\"og:url\" content=\"https:\/\/ivoexperience.no\/en\/personvernerklaering\/\" \/>\n<meta property=\"og:site_name\" content=\"Ivo Experience\" \/>\n<meta property=\"article:publisher\" content=\"https:\/\/www.facebook.com\/ivoexperience\" \/>\n<meta property=\"article:modified_time\" content=\"2024-07-02T07:58:06+00:00\" \/>\n<meta property=\"og:image\" content=\"https:\/\/ivoexperience.no\/wp-content\/uploads\/2026\/01\/cropped-ivo_favicon.webp\" \/>\n\t<meta property=\"og:image:width\" content=\"512\" \/>\n\t<meta property=\"og:image:height\" content=\"512\" \/>\n\t<meta property=\"og:image:type\" content=\"image\/webp\" \/>\n<meta name=\"twitter:card\" content=\"summary_large_image\" \/>\n<meta name=\"twitter:label1\" content=\"Est. reading time\" \/>\n\t<meta name=\"twitter:data1\" content=\"2 minutes\" \/>\n<script type=\"application\/ld+json\" class=\"yoast-schema-graph\">{\"@context\":\"https:\\\/\\\/schema.org\",\"@graph\":[{\"@type\":\"WebPage\",\"@id\":\"https:\\\/\\\/ivoexperience.no\\\/personvernerklaering\",\"url\":\"https:\\\/\\\/ivoexperience.no\\\/personvernerklaering\",\"name\":\"Personvernerkl\u00e6ring ~ Ivo Experience\",\"isPartOf\":{\"@id\":\"https:\\\/\\\/ivoexperience.no\\\/#website\"},\"datePublished\":\"2023-05-05T10:35:40+00:00\",\"dateModified\":\"2024-07-02T07:58:06+00:00\",\"breadcrumb\":{\"@id\":\"https:\\\/\\\/ivoexperience.no\\\/personvernerklaering#breadcrumb\"},\"inLanguage\":\"en-US\",\"potentialAction\":[{\"@type\":\"ReadAction\",\"target\":[\"https:\\\/\\\/ivoexperience.no\\\/personvernerklaering\"]}]},{\"@type\":\"BreadcrumbList\",\"@id\":\"https:\\\/\\\/ivoexperience.no\\\/personvernerklaering#breadcrumb\",\"itemListElement\":[{\"@type\":\"ListItem\",\"position\":1,\"name\":\"Home\",\"item\":\"https:\\\/\\\/ivoexperience.no\\\/\"},{\"@type\":\"ListItem\",\"position\":2,\"name\":\"Personvernerkl\u00e6ring\"}]},{\"@type\":\"WebSite\",\"@id\":\"https:\\\/\\\/ivoexperience.no\\\/#website\",\"url\":\"https:\\\/\\\/ivoexperience.no\\\/\",\"name\":\"Ivo Experience\",\"description\":\"Forvandler klikk til kunder\",\"publisher\":{\"@id\":\"https:\\\/\\\/ivoexperience.no\\\/#organization\"},\"potentialAction\":[{\"@type\":\"SearchAction\",\"target\":{\"@type\":\"EntryPoint\",\"urlTemplate\":\"https:\\\/\\\/ivoexperience.no\\\/?s={search_term_string}\"},\"query-input\":{\"@type\":\"PropertyValueSpecification\",\"valueRequired\":true,\"valueName\":\"search_term_string\"}}],\"inLanguage\":\"en-US\"},{\"@type\":\"Organization\",\"@id\":\"https:\\\/\\\/ivoexperience.no\\\/#organization\",\"name\":\"Ivo Experience\",\"url\":\"https:\\\/\\\/ivoexperience.no\\\/\",\"logo\":{\"@type\":\"ImageObject\",\"inLanguage\":\"en-US\",\"@id\":\"https:\\\/\\\/ivoexperience.no\\\/#\\\/schema\\\/logo\\\/image\\\/\",\"url\":\"https:\\\/\\\/ivoexperience.no\\\/wp-content\\\/uploads\\\/2026\\\/01\\\/cropped-ivo_favicon.webp\",\"contentUrl\":\"https:\\\/\\\/ivoexperience.no\\\/wp-content\\\/uploads\\\/2026\\\/01\\\/cropped-ivo_favicon.webp\",\"width\":512,\"height\":512,\"caption\":\"Ivo Experience\"},\"image\":{\"@id\":\"https:\\\/\\\/ivoexperience.no\\\/#\\\/schema\\\/logo\\\/image\\\/\"},\"sameAs\":[\"https:\\\/\\\/www.facebook.com\\\/ivoexperience\",\"https:\\\/\\\/instagram.com\\\/ivoexperience\"]}]}<\/script>\n<!-- \/ Yoast SEO plugin. -->","yoast_head_json":{"title":"Personvernerkl\u00e6ring ~ Ivo Experience","robots":{"index":"index","follow":"follow","max-snippet":"max-snippet:-1","max-image-preview":"max-image-preview:large","max-video-preview":"max-video-preview:-1"},"canonical":"https:\/\/ivoexperience.no\/en\/personvernerklaering\/","og_locale":"en_US","og_type":"article","og_title":"Personvernerkl\u00e6ring ~ Ivo Experience","og_description":"Personvernerkl\u00e6ring Denne personvernerkl\u00e6ringen gjelder alle forretningsprosesser i&nbsp;Ivo Experience AS, heretter benevnt som Behandlingsansvarlig. Erkl\u00e6ringen gir informasjon om databehandling utf\u00f8rt av Behandlingsansvarlig og bestemmer form\u00e5let og virkemidlene for behandlingen samt databehandling vi gj\u00f8r p\u00e5 vegne av v\u00e5re kunder basert p\u00e5 deres instruksjoner. Behandling av personlige data er n\u00f8dvendig for at vi skal kunne ivareta v\u00e5re kontraktsforpliktelser [&hellip;]","og_url":"https:\/\/ivoexperience.no\/en\/personvernerklaering\/","og_site_name":"Ivo Experience","article_publisher":"https:\/\/www.facebook.com\/ivoexperience","article_modified_time":"2024-07-02T07:58:06+00:00","og_image":[{"width":512,"height":512,"url":"https:\/\/ivoexperience.no\/wp-content\/uploads\/2026\/01\/cropped-ivo_favicon.webp","type":"image\/webp"}],"twitter_card":"summary_large_image","twitter_misc":{"Est. reading time":"2 minutes"},"schema":{"@context":"https:\/\/schema.org","@graph":[{"@type":"WebPage","@id":"https:\/\/ivoexperience.no\/personvernerklaering","url":"https:\/\/ivoexperience.no\/personvernerklaering","name":"Personvernerkl\u00e6ring ~ Ivo Experience","isPartOf":{"@id":"https:\/\/ivoexperience.no\/#website"},"datePublished":"2023-05-05T10:35:40+00:00","dateModified":"2024-07-02T07:58:06+00:00","breadcrumb":{"@id":"https:\/\/ivoexperience.no\/personvernerklaering#breadcrumb"},"inLanguage":"en-US","potentialAction":[{"@type":"ReadAction","target":["https:\/\/ivoexperience.no\/personvernerklaering"]}]},{"@type":"BreadcrumbList","@id":"https:\/\/ivoexperience.no\/personvernerklaering#breadcrumb","itemListElement":[{"@type":"ListItem","position":1,"name":"Home","item":"https:\/\/ivoexperience.no\/"},{"@type":"ListItem","position":2,"name":"Personvernerkl\u00e6ring"}]},{"@type":"WebSite","@id":"https:\/\/ivoexperience.no\/#website","url":"https:\/\/ivoexperience.no\/","name":"Ivo Experience","description":"Forvandler klikk til kunder","publisher":{"@id":"https:\/\/ivoexperience.no\/#organization"},"potentialAction":[{"@type":"SearchAction","target":{"@type":"EntryPoint","urlTemplate":"https:\/\/ivoexperience.no\/?s={search_term_string}"},"query-input":{"@type":"PropertyValueSpecification","valueRequired":true,"valueName":"search_term_string"}}],"inLanguage":"en-US"},{"@type":"Organization","@id":"https:\/\/ivoexperience.no\/#organization","name":"Ivo Experience","url":"https:\/\/ivoexperience.no\/","logo":{"@type":"ImageObject","inLanguage":"en-US","@id":"https:\/\/ivoexperience.no\/#\/schema\/logo\/image\/","url":"https:\/\/ivoexperience.no\/wp-content\/uploads\/2026\/01\/cropped-ivo_favicon.webp","contentUrl":"https:\/\/ivoexperience.no\/wp-content\/uploads\/2026\/01\/cropped-ivo_favicon.webp","width":512,"height":512,"caption":"Ivo Experience"},"image":{"@id":"https:\/\/ivoexperience.no\/#\/schema\/logo\/image\/"},"sameAs":["https:\/\/www.facebook.com\/ivoexperience","https:\/\/instagram.com\/ivoexperience"]}]}},"jetpack_sharing_enabled":true,"_links":{"self":[{"href":"https:\/\/ivoexperience.no\/en\/wp-json\/wp\/v2\/pages\/3","targetHints":{"allow":["GET"]}}],"collection":[{"href":"https:\/\/ivoexperience.no\/en\/wp-json\/wp\/v2\/pages"}],"about":[{"href":"https:\/\/ivoexperience.no\/en\/wp-json\/wp\/v2\/types\/page"}],"author":[{"embeddable":true,"href":"https:\/\/ivoexperience.no\/en\/wp-json\/wp\/v2\/users\/1"}],"replies":[{"embeddable":true,"href":"https:\/\/ivoexperience.no\/en\/wp-json\/wp\/v2\/comments?post=3"}],"version-history":[{"count":24,"href":"https:\/\/ivoexperience.no\/en\/wp-json\/wp\/v2\/pages\/3\/revisions"}],"predecessor-version":[{"id":14851,"href":"https:\/\/ivoexperience.no\/en\/wp-json\/wp\/v2\/pages\/3\/revisions\/14851"}],"wp:attachment":[{"href":"https:\/\/ivoexperience.no\/en\/wp-json\/wp\/v2\/media?parent=3"}],"curies":[{"name":"wp","href":"https:\/\/api.w.org\/{rel}","templated":true}]}}