{"id":57,"date":"2023-05-05T14:31:27","date_gmt":"2023-05-05T12:31:27","guid":{"rendered":"https:\/\/www.ivoexperience.com\/?page_id=57"},"modified":"2026-01-14T15:21:32","modified_gmt":"2026-01-14T14:21:32","slug":"tjenester","status":"publish","type":"page","link":"https:\/\/ivoexperience.no\/en\/tjenester","title":{"rendered":"Services"},"content":{"rendered":"<div data-elementor-type=\"wp-page\" data-elementor-id=\"57\" class=\"elementor elementor-57\" data-elementor-post-type=\"page\">\n\t\t\t\t<div class=\"elementor-element elementor-element-29c867c e-grid e-con-full e-con e-parent\" data-id=\"29c867c\" data-element_type=\"container\" data-e-type=\"container\">\n\t\t<div class=\"elementor-element elementor-element-797db61 e-con-full e-flex e-con e-child\" data-id=\"797db61\" data-element_type=\"container\" data-e-type=\"container\">\n\t\t\t\t<div class=\"elementor-element elementor-element-ffeb575 elementor-widget elementor-widget-heading\" data-id=\"ffeb575\" data-element_type=\"widget\" data-e-type=\"widget\" data-widget_type=\"heading.default\">\n\t\t\t\t\t<h1 class=\"elementor-heading-title elementor-size-default\">Det vi gj\u00f8r<\/h1>\t\t\t\t<\/div>\n\t\t\t\t<div class=\"elementor-element elementor-element-f7a1e4e elementor-widget elementor-widget-text-editor\" data-id=\"f7a1e4e\" data-element_type=\"widget\" data-e-type=\"widget\" data-widget_type=\"text-editor.default\">\n\t\t\t\t\t\t\t\t\t<p>Ivo is built by experts with extensive experience in design, marketing and strategy. Our focus is on creating great customer experiences and contributing to growth in retail and online commerce.<\/p><p>We know that good customer experiences and growth are only possible by systematically working with the entire buying journey. That's why we've structured our services across visibility, conversion, and loyalty.<\/p>\t\t\t\t\t\t\t\t<\/div>\n\t\t\t\t<\/div>\n\t\t\t\t<\/div>\n\t\t<div class=\"elementor-element elementor-element-5182599 e-grid e-con-full e-con e-parent\" data-id=\"5182599\" data-element_type=\"container\" data-e-type=\"container\">\n\t\t<div class=\"elementor-element elementor-element-069b6be e-con-full e-flex e-con e-child\" data-id=\"069b6be\" data-element_type=\"container\" data-e-type=\"container\">\n\t\t\t\t<div class=\"elementor-element elementor-element-571fcc4 elementor-widget elementor-widget-text-editor\" data-id=\"571fcc4\" data-element_type=\"widget\" data-e-type=\"widget\" data-widget_type=\"text-editor.default\">\n\t\t\t\t\t\t\t\t\t<h2>Visibility<\/h2><p>We help identify and implement measures to ensure the right users find and visit your online store.<\/p>\t\t\t\t\t\t\t\t<\/div>\n\t\t<div class=\"elementor-element elementor-element-477c7ef e-con-full e-flex e-con e-child\" data-id=\"477c7ef\" data-element_type=\"container\" data-e-type=\"container\">\n\t\t\t\t<div class=\"elementor-element elementor-element-4a3ef80 elementor-align-left elementor-widget elementor-widget-button\" data-id=\"4a3ef80\" data-element_type=\"widget\" data-e-type=\"widget\" data-widget_type=\"button.default\">\n\t\t\t\t\t\t\t\t\t\t<a class=\"elementor-button elementor-button-link elementor-size-sm\" href=\"https:\/\/ivoexperience.no\/en\/tjenester\/seo\/\">\n\t\t\t\t\t\t<span class=\"elementor-button-content-wrapper\">\n\t\t\t\t\t\t\t\t\t<span class=\"elementor-button-text\">SEO<\/span>\n\t\t\t\t\t<\/span>\n\t\t\t\t\t<\/a>\n\t\t\t\t\t\t\t\t<\/div>\n\t\t\t\t<div class=\"elementor-element elementor-element-792acee elementor-align-left elementor-widget elementor-widget-button\" data-id=\"792acee\" data-element_type=\"widget\" data-e-type=\"widget\" data-widget_type=\"button.default\">\n\t\t\t\t\t\t\t\t\t\t<a class=\"elementor-button elementor-button-link elementor-size-sm\" href=\"https:\/\/ivoexperience.no\/en\/tjenester\/annonsering\/\">\n\t\t\t\t\t\t<span class=\"elementor-button-content-wrapper\">\n\t\t\t\t\t\t\t\t\t<span class=\"elementor-button-text\">Advertisement<\/span>\n\t\t\t\t\t<\/span>\n\t\t\t\t\t<\/a>\n\t\t\t\t\t\t\t\t<\/div>\n\t\t\t\t<div class=\"elementor-element elementor-element-f922259 elementor-align-left elementor-widget elementor-widget-button\" data-id=\"f922259\" data-element_type=\"widget\" data-e-type=\"widget\" data-widget_type=\"button.default\">\n\t\t\t\t\t\t\t\t\t\t<a class=\"elementor-button elementor-button-link elementor-size-sm\" href=\"https:\/\/ivoexperience.no\/en\/tjenester\/merkevareidentitet\/\">\n\t\t\t\t\t\t<span class=\"elementor-button-content-wrapper\">\n\t\t\t\t\t\t\t\t\t<span class=\"elementor-button-text\">Brand Identity<\/span>\n\t\t\t\t\t<\/span>\n\t\t\t\t\t<\/a>\n\t\t\t\t\t\t\t\t<\/div>\n\t\t\t\t<div class=\"elementor-element elementor-element-891a7a1 elementor-align-left elementor-widget elementor-widget-button\" data-id=\"891a7a1\" data-element_type=\"widget\" data-e-type=\"widget\" data-widget_type=\"button.default\">\n\t\t\t\t\t\t\t\t\t\t<a class=\"elementor-button elementor-button-link elementor-size-sm\" href=\"https:\/\/ivoexperience.no\/en\/tjenester\/designsystem\/\">\n\t\t\t\t\t\t<span class=\"elementor-button-content-wrapper\">\n\t\t\t\t\t\t\t\t\t<span class=\"elementor-button-text\">Designsystem<\/span>\n\t\t\t\t\t<\/span>\n\t\t\t\t\t<\/a>\n\t\t\t\t\t\t\t\t<\/div>\n\t\t\t\t<\/div>\n\t\t\t\t<\/div>\n\t\t\t\t<\/div>\n\t\t<div class=\"elementor-element elementor-element-64bdd55 e-grid e-con-full e-con e-parent\" data-id=\"64bdd55\" data-element_type=\"container\" data-e-type=\"container\">\n\t\t<div class=\"elementor-element elementor-element-c261e7a e-con-full e-flex e-con e-child\" data-id=\"c261e7a\" data-element_type=\"container\" data-e-type=\"container\">\n\t\t\t\t<div class=\"elementor-element elementor-element-8288a2f elementor-widget elementor-widget-text-editor\" data-id=\"8288a2f\" data-element_type=\"widget\" data-e-type=\"widget\" data-widget_type=\"text-editor.default\">\n\t\t\t\t\t\t\t\t\t<h2>Conversion<\/h2><p>A great user experience and a seamless purchasing process ensure higher conversions, larger cart sizes, and increased repeat purchase rates.<\/p>\t\t\t\t\t\t\t\t<\/div>\n\t\t<div class=\"elementor-element elementor-element-b4bb044 e-con-full e-flex e-con e-child\" data-id=\"b4bb044\" data-element_type=\"container\" data-e-type=\"container\">\n\t\t\t\t<div class=\"elementor-element elementor-element-2b4403b elementor-align-left elementor-widget elementor-widget-button\" data-id=\"2b4403b\" data-element_type=\"widget\" data-e-type=\"widget\" data-widget_type=\"button.default\">\n\t\t\t\t\t\t\t\t\t\t<a class=\"elementor-button elementor-button-link elementor-size-sm\" href=\"https:\/\/ivoexperience.no\/en\/tjenester\/ux\/\">\n\t\t\t\t\t\t<span class=\"elementor-button-content-wrapper\">\n\t\t\t\t\t\t\t\t\t<span class=\"elementor-button-text\">UX &amp; Design<\/span>\n\t\t\t\t\t<\/span>\n\t\t\t\t\t<\/a>\n\t\t\t\t\t\t\t\t<\/div>\n\t\t\t\t<div class=\"elementor-element elementor-element-840e85b elementor-align-left elementor-widget elementor-widget-button\" data-id=\"840e85b\" data-element_type=\"widget\" data-e-type=\"widget\" data-widget_type=\"button.default\">\n\t\t\t\t\t\t\t\t\t\t<a class=\"elementor-button elementor-button-link elementor-size-sm\" href=\"https:\/\/ivoexperience.no\/en\/tjenester\/a-b-testing\/\">\n\t\t\t\t\t\t<span class=\"elementor-button-content-wrapper\">\n\t\t\t\t\t\t\t\t\t<span class=\"elementor-button-text\">A\/B Testing<\/span>\n\t\t\t\t\t<\/span>\n\t\t\t\t\t<\/a>\n\t\t\t\t\t\t\t\t<\/div>\n\t\t\t\t<div class=\"elementor-element elementor-element-12382b1 elementor-align-left elementor-widget elementor-widget-button\" data-id=\"12382b1\" data-element_type=\"widget\" data-e-type=\"widget\" data-widget_type=\"button.default\">\n\t\t\t\t\t\t\t\t\t\t<a class=\"elementor-button elementor-button-link elementor-size-sm\" href=\"https:\/\/ivoexperience.no\/en\/tjenester\/brukertesting\/\">\n\t\t\t\t\t\t<span class=\"elementor-button-content-wrapper\">\n\t\t\t\t\t\t\t\t\t<span class=\"elementor-button-text\">User testing<\/span>\n\t\t\t\t\t<\/span>\n\t\t\t\t\t<\/a>\n\t\t\t\t\t\t\t\t<\/div>\n\t\t\t\t<div class=\"elementor-element elementor-element-c0a910d elementor-align-left elementor-widget elementor-widget-button\" data-id=\"c0a910d\" data-element_type=\"widget\" data-e-type=\"widget\" data-widget_type=\"button.default\">\n\t\t\t\t\t\t\t\t\t\t<a class=\"elementor-button elementor-button-link elementor-size-sm\" href=\"https:\/\/ivoexperience.no\/en\/tjenester\/universell-utforming-uu\/\">\n\t\t\t\t\t\t<span class=\"elementor-button-content-wrapper\">\n\t\t\t\t\t\t\t\t\t<span class=\"elementor-button-text\">Universal design<\/span>\n\t\t\t\t\t<\/span>\n\t\t\t\t\t<\/a>\n\t\t\t\t\t\t\t\t<\/div>\n\t\t\t\t<div class=\"elementor-element elementor-element-71bb3d9 elementor-align-left elementor-widget elementor-widget-button\" data-id=\"71bb3d9\" data-element_type=\"widget\" data-e-type=\"widget\" data-widget_type=\"button.default\">\n\t\t\t\t\t\t\t\t\t\t<a class=\"elementor-button elementor-button-link elementor-size-sm\" href=\"https:\/\/ivoexperience.no\/en\/tjenester\/cro\/\">\n\t\t\t\t\t\t<span class=\"elementor-button-content-wrapper\">\n\t\t\t\t\t\t\t\t\t<span class=\"elementor-button-text\">CRO<\/span>\n\t\t\t\t\t<\/span>\n\t\t\t\t\t<\/a>\n\t\t\t\t\t\t\t\t<\/div>\n\t\t\t\t<\/div>\n\t\t\t\t<\/div>\n\t\t\t\t<\/div>\n\t\t<div class=\"elementor-element elementor-element-f0b94a5 e-grid e-con-full e-con e-parent\" data-id=\"f0b94a5\" data-element_type=\"container\" data-e-type=\"container\">\n\t\t<div class=\"elementor-element elementor-element-a870528 e-con-full e-flex e-con e-child\" data-id=\"a870528\" data-element_type=\"container\" data-e-type=\"container\">\n\t\t\t\t<div class=\"elementor-element elementor-element-1cb4bab elementor-widget elementor-widget-text-editor\" data-id=\"1cb4bab\" data-element_type=\"widget\" data-e-type=\"widget\" data-widget_type=\"text-editor.default\">\n\t\t\t\t\t\t\t\t\t<h2>Loyalty<\/h2><p>A great user experience and a seamless purchasing process ensure higher conversions, larger cart sizes, and increased repeat purchase rates.<\/p>\t\t\t\t\t\t\t\t<\/div>\n\t\t<div class=\"elementor-element elementor-element-1906a9a e-con-full e-flex e-con e-child\" data-id=\"1906a9a\" data-element_type=\"container\" data-e-type=\"container\">\n\t\t\t\t<div class=\"elementor-element elementor-element-588a967 elementor-align-left elementor-widget elementor-widget-button\" data-id=\"588a967\" data-element_type=\"widget\" data-e-type=\"widget\" data-widget_type=\"button.default\">\n\t\t\t\t\t\t\t\t\t\t<a class=\"elementor-button elementor-size-sm\" role=\"button\">\n\t\t\t\t\t\t<span class=\"elementor-button-content-wrapper\">\n\t\t\t\t\t\t\t\t\t<span class=\"elementor-button-text\">Tracking<\/span>\n\t\t\t\t\t<\/span>\n\t\t\t\t\t<\/a>\n\t\t\t\t\t\t\t\t<\/div>\n\t\t\t\t<div class=\"elementor-element elementor-element-65e7fa4 elementor-align-left elementor-widget elementor-widget-button\" data-id=\"65e7fa4\" data-element_type=\"widget\" data-e-type=\"widget\" data-widget_type=\"button.default\">\n\t\t\t\t\t\t\t\t\t\t<a class=\"elementor-button elementor-size-sm\" role=\"button\">\n\t\t\t\t\t\t<span class=\"elementor-button-content-wrapper\">\n\t\t\t\t\t\t\t\t\t<span class=\"elementor-button-text\">Analytics<\/span>\n\t\t\t\t\t<\/span>\n\t\t\t\t\t<\/a>\n\t\t\t\t\t\t\t\t<\/div>\n\t\t\t\t<div class=\"elementor-element elementor-element-fc99cb8 elementor-align-left elementor-widget elementor-widget-button\" data-id=\"fc99cb8\" data-element_type=\"widget\" data-e-type=\"widget\" data-widget_type=\"button.default\">\n\t\t\t\t\t\t\t\t\t\t<a class=\"elementor-button elementor-size-sm\" role=\"button\">\n\t\t\t\t\t\t<span class=\"elementor-button-content-wrapper\">\n\t\t\t\t\t\t\t\t\t<span class=\"elementor-button-text\">Customer club<\/span>\n\t\t\t\t\t<\/span>\n\t\t\t\t\t<\/a>\n\t\t\t\t\t\t\t\t<\/div>\n\t\t\t\t<div class=\"elementor-element elementor-element-cced8aa elementor-align-left elementor-widget elementor-widget-button\" data-id=\"cced8aa\" data-element_type=\"widget\" data-e-type=\"widget\" data-widget_type=\"button.default\">\n\t\t\t\t\t\t\t\t\t\t<a class=\"elementor-button elementor-size-sm\" role=\"button\">\n\t\t\t\t\t\t<span class=\"elementor-button-content-wrapper\">\n\t\t\t\t\t\t\t\t\t<span class=\"elementor-button-text\">Loyalty program<\/span>\n\t\t\t\t\t<\/span>\n\t\t\t\t\t<\/a>\n\t\t\t\t\t\t\t\t<\/div>\n\t\t\t\t<\/div>\n\t\t\t\t<\/div>\n\t\t\t\t<\/div>\n\t\t\t\t<\/div>","protected":false},"excerpt":{"rendered":"<p>Vi tilbyr tjenester som l\u00f8fter din bedrift, alt fra SEO-strategi og UX-design til betalt annonsering, effektiv markedsf\u00f8ring og tekniske l\u00f8sninger. <\/p>","protected":false},"author":3,"featured_media":0,"parent":0,"menu_order":0,"comment_status":"closed","ping_status":"closed","template":"","meta":{"footnotes":""},"class_list":["post-57","page","type-page","status-publish","hentry"],"pp_statuses_selecting_workflow":false,"pp_workflow_action":"current","pp_status_selection":"publish","yoast_head":"<!-- This site is optimized with the Yoast SEO plugin v27.5 - https:\/\/yoast.com\/product\/yoast-seo-wordpress\/ -->\n<title>V\u00e5re tjenester ~ Ivo Experience<\/title>\n<meta name=\"robots\" content=\"index, follow, max-snippet:-1, max-image-preview:large, max-video-preview:-1\" \/>\n<link rel=\"canonical\" href=\"https:\/\/ivoexperience.no\/en\/tjenester\/\" \/>\n<meta property=\"og:locale\" content=\"en_US\" \/>\n<meta property=\"og:type\" content=\"article\" \/>\n<meta property=\"og:title\" content=\"V\u00e5re tjenester ~ Ivo Experience\" \/>\n<meta property=\"og:description\" content=\"Vi tilbyr tjenester som l\u00f8fter din bedrift, alt fra SEO-strategi og UX-design til betalt annonsering, effektiv markedsf\u00f8ring og tekniske l\u00f8sninger.\" \/>\n<meta property=\"og:url\" content=\"https:\/\/ivoexperience.no\/en\/tjenester\/\" \/>\n<meta property=\"og:site_name\" content=\"Ivo Experience\" \/>\n<meta property=\"article:publisher\" content=\"https:\/\/www.facebook.com\/ivoexperience\" \/>\n<meta property=\"article:modified_time\" content=\"2026-01-14T14:21:32+00:00\" \/>\n<meta property=\"og:image\" content=\"https:\/\/ivoexperience.no\/wp-content\/uploads\/2026\/01\/cropped-ivo_favicon.webp\" \/>\n\t<meta property=\"og:image:width\" content=\"512\" \/>\n\t<meta property=\"og:image:height\" content=\"512\" \/>\n\t<meta property=\"og:image:type\" content=\"image\/webp\" \/>\n<meta name=\"twitter:card\" content=\"summary_large_image\" \/>\n<meta name=\"twitter:label1\" content=\"Est. reading time\" \/>\n\t<meta name=\"twitter:data1\" content=\"1 minute\" \/>\n<script type=\"application\/ld+json\" class=\"yoast-schema-graph\">{\"@context\":\"https:\\\/\\\/schema.org\",\"@graph\":[{\"@type\":\"WebPage\",\"@id\":\"https:\\\/\\\/ivoexperience.no\\\/tjenester\",\"url\":\"https:\\\/\\\/ivoexperience.no\\\/tjenester\",\"name\":\"V\u00e5re tjenester ~ Ivo Experience\",\"isPartOf\":{\"@id\":\"https:\\\/\\\/ivoexperience.no\\\/#website\"},\"datePublished\":\"2023-05-05T12:31:27+00:00\",\"dateModified\":\"2026-01-14T14:21:32+00:00\",\"breadcrumb\":{\"@id\":\"https:\\\/\\\/ivoexperience.no\\\/tjenester#breadcrumb\"},\"inLanguage\":\"en-US\",\"potentialAction\":[{\"@type\":\"ReadAction\",\"target\":[\"https:\\\/\\\/ivoexperience.no\\\/tjenester\"]}]},{\"@type\":\"BreadcrumbList\",\"@id\":\"https:\\\/\\\/ivoexperience.no\\\/tjenester#breadcrumb\",\"itemListElement\":[{\"@type\":\"ListItem\",\"position\":1,\"name\":\"Home\",\"item\":\"https:\\\/\\\/ivoexperience.no\\\/\"},{\"@type\":\"ListItem\",\"position\":2,\"name\":\"Tjenester\"}]},{\"@type\":\"WebSite\",\"@id\":\"https:\\\/\\\/ivoexperience.no\\\/#website\",\"url\":\"https:\\\/\\\/ivoexperience.no\\\/\",\"name\":\"Ivo Experience\",\"description\":\"Forvandler klikk til kunder\",\"publisher\":{\"@id\":\"https:\\\/\\\/ivoexperience.no\\\/#organization\"},\"potentialAction\":[{\"@type\":\"SearchAction\",\"target\":{\"@type\":\"EntryPoint\",\"urlTemplate\":\"https:\\\/\\\/ivoexperience.no\\\/?s={search_term_string}\"},\"query-input\":{\"@type\":\"PropertyValueSpecification\",\"valueRequired\":true,\"valueName\":\"search_term_string\"}}],\"inLanguage\":\"en-US\"},{\"@type\":\"Organization\",\"@id\":\"https:\\\/\\\/ivoexperience.no\\\/#organization\",\"name\":\"Ivo Experience\",\"url\":\"https:\\\/\\\/ivoexperience.no\\\/\",\"logo\":{\"@type\":\"ImageObject\",\"inLanguage\":\"en-US\",\"@id\":\"https:\\\/\\\/ivoexperience.no\\\/#\\\/schema\\\/logo\\\/image\\\/\",\"url\":\"https:\\\/\\\/ivoexperience.no\\\/wp-content\\\/uploads\\\/2026\\\/01\\\/cropped-ivo_favicon.webp\",\"contentUrl\":\"https:\\\/\\\/ivoexperience.no\\\/wp-content\\\/uploads\\\/2026\\\/01\\\/cropped-ivo_favicon.webp\",\"width\":512,\"height\":512,\"caption\":\"Ivo Experience\"},\"image\":{\"@id\":\"https:\\\/\\\/ivoexperience.no\\\/#\\\/schema\\\/logo\\\/image\\\/\"},\"sameAs\":[\"https:\\\/\\\/www.facebook.com\\\/ivoexperience\",\"https:\\\/\\\/instagram.com\\\/ivoexperience\"]}]}<\/script>\n<!-- \/ Yoast SEO plugin. -->","yoast_head_json":{"title":"V\u00e5re tjenester ~ Ivo Experience","robots":{"index":"index","follow":"follow","max-snippet":"max-snippet:-1","max-image-preview":"max-image-preview:large","max-video-preview":"max-video-preview:-1"},"canonical":"https:\/\/ivoexperience.no\/en\/tjenester\/","og_locale":"en_US","og_type":"article","og_title":"V\u00e5re tjenester ~ Ivo Experience","og_description":"Vi tilbyr tjenester som l\u00f8fter din bedrift, alt fra SEO-strategi og UX-design til betalt annonsering, effektiv markedsf\u00f8ring og tekniske l\u00f8sninger.","og_url":"https:\/\/ivoexperience.no\/en\/tjenester\/","og_site_name":"Ivo Experience","article_publisher":"https:\/\/www.facebook.com\/ivoexperience","article_modified_time":"2026-01-14T14:21:32+00:00","og_image":[{"width":512,"height":512,"url":"https:\/\/ivoexperience.no\/wp-content\/uploads\/2026\/01\/cropped-ivo_favicon.webp","type":"image\/webp"}],"twitter_card":"summary_large_image","twitter_misc":{"Est. reading time":"1 minute"},"schema":{"@context":"https:\/\/schema.org","@graph":[{"@type":"WebPage","@id":"https:\/\/ivoexperience.no\/tjenester","url":"https:\/\/ivoexperience.no\/tjenester","name":"V\u00e5re tjenester ~ Ivo Experience","isPartOf":{"@id":"https:\/\/ivoexperience.no\/#website"},"datePublished":"2023-05-05T12:31:27+00:00","dateModified":"2026-01-14T14:21:32+00:00","breadcrumb":{"@id":"https:\/\/ivoexperience.no\/tjenester#breadcrumb"},"inLanguage":"en-US","potentialAction":[{"@type":"ReadAction","target":["https:\/\/ivoexperience.no\/tjenester"]}]},{"@type":"BreadcrumbList","@id":"https:\/\/ivoexperience.no\/tjenester#breadcrumb","itemListElement":[{"@type":"ListItem","position":1,"name":"Home","item":"https:\/\/ivoexperience.no\/"},{"@type":"ListItem","position":2,"name":"Tjenester"}]},{"@type":"WebSite","@id":"https:\/\/ivoexperience.no\/#website","url":"https:\/\/ivoexperience.no\/","name":"Ivo Experience","description":"Forvandler klikk til kunder","publisher":{"@id":"https:\/\/ivoexperience.no\/#organization"},"potentialAction":[{"@type":"SearchAction","target":{"@type":"EntryPoint","urlTemplate":"https:\/\/ivoexperience.no\/?s={search_term_string}"},"query-input":{"@type":"PropertyValueSpecification","valueRequired":true,"valueName":"search_term_string"}}],"inLanguage":"en-US"},{"@type":"Organization","@id":"https:\/\/ivoexperience.no\/#organization","name":"Ivo Experience","url":"https:\/\/ivoexperience.no\/","logo":{"@type":"ImageObject","inLanguage":"en-US","@id":"https:\/\/ivoexperience.no\/#\/schema\/logo\/image\/","url":"https:\/\/ivoexperience.no\/wp-content\/uploads\/2026\/01\/cropped-ivo_favicon.webp","contentUrl":"https:\/\/ivoexperience.no\/wp-content\/uploads\/2026\/01\/cropped-ivo_favicon.webp","width":512,"height":512,"caption":"Ivo Experience"},"image":{"@id":"https:\/\/ivoexperience.no\/#\/schema\/logo\/image\/"},"sameAs":["https:\/\/www.facebook.com\/ivoexperience","https:\/\/instagram.com\/ivoexperience"]}]}},"jetpack_sharing_enabled":true,"_links":{"self":[{"href":"https:\/\/ivoexperience.no\/en\/wp-json\/wp\/v2\/pages\/57","targetHints":{"allow":["GET"]}}],"collection":[{"href":"https:\/\/ivoexperience.no\/en\/wp-json\/wp\/v2\/pages"}],"about":[{"href":"https:\/\/ivoexperience.no\/en\/wp-json\/wp\/v2\/types\/page"}],"author":[{"embeddable":true,"href":"https:\/\/ivoexperience.no\/en\/wp-json\/wp\/v2\/users\/3"}],"replies":[{"embeddable":true,"href":"https:\/\/ivoexperience.no\/en\/wp-json\/wp\/v2\/comments?post=57"}],"version-history":[{"count":464,"href":"https:\/\/ivoexperience.no\/en\/wp-json\/wp\/v2\/pages\/57\/revisions"}],"predecessor-version":[{"id":18790,"href":"https:\/\/ivoexperience.no\/en\/wp-json\/wp\/v2\/pages\/57\/revisions\/18790"}],"wp:attachment":[{"href":"https:\/\/ivoexperience.no\/en\/wp-json\/wp\/v2\/media?parent=57"}],"curies":[{"name":"wp","href":"https:\/\/api.w.org\/{rel}","templated":true}]}}