{"id":95,"date":"2023-05-08T09:59:10","date_gmt":"2023-05-08T07:59:10","guid":{"rendered":"https:\/\/www.ivoexperience.com\/?page_id=95"},"modified":"2026-01-14T12:15:39","modified_gmt":"2026-01-14T11:15:39","slug":"karriere","status":"publish","type":"page","link":"https:\/\/ivoexperience.no\/en\/karriere","title":{"rendered":"Career"},"content":{"rendered":"\t\t<div data-elementor-type=\"wp-page\" data-elementor-id=\"95\" class=\"elementor elementor-95\" data-elementor-post-type=\"page\">\n\t\t\t\t<div class=\"elementor-element elementor-element-679cd5e e-grid e-con-full e-con e-parent\" data-id=\"679cd5e\" data-element_type=\"container\" data-e-type=\"container\">\n\t\t<div class=\"elementor-element elementor-element-ad523a9 e-con-full e-flex e-con e-child\" data-id=\"ad523a9\" data-element_type=\"container\" data-e-type=\"container\">\n\t\t\t\t<div class=\"elementor-element elementor-element-e98e064 elementor-widget elementor-widget-heading\" data-id=\"e98e064\" data-element_type=\"widget\" data-e-type=\"widget\" data-widget_type=\"heading.default\">\n\t\t\t\t\t<h1 class=\"elementor-heading-title elementor-size-default\">Bli med p\u00e5 reisen<\/h1>\t\t\t\t<\/div>\n\t\t\t\t<div class=\"elementor-element elementor-element-96913ba elementor-widget elementor-widget-text-editor\" data-id=\"96913ba\" data-element_type=\"widget\" data-e-type=\"widget\" data-widget_type=\"text-editor.default\">\n\t\t\t\t\t\t\t\t\t<p>Ivo er en gjeng med fagspesialister innen digital kundeopplevelse.<\/p><p>Sammen hjelper vi v\u00e5re kunder med \u00e5 oppn\u00e5 vekst gjennom tverrfaglig samarbeid p\u00e5 synlighet, konvertering og lojalitet. Vi legger strategiske planer, men bretter ogs\u00e5 opp ermene for \u00e5 f\u00e5 jobben gjort.<\/p><p>Hos oss kan du styrke din digitale kunnskap og bidra til \u00e5 skape morgendagens handleopplevelser for noen av Nordens r\u00e5este merkevarer.<\/p>\t\t\t\t\t\t\t\t<\/div>\n\t\t\t\t<\/div>\n\t\t\t\t<\/div>\n\t\t<div class=\"elementor-element elementor-element-1aba080 e-grid e-con-full e-con e-parent\" data-id=\"1aba080\" data-element_type=\"container\" data-e-type=\"container\">\n\t\t<div class=\"elementor-element elementor-element-fef4f38 e-con-full e-flex e-con e-child\" data-id=\"fef4f38\" data-element_type=\"container\" data-e-type=\"container\">\n\t\t\t\t<div class=\"elementor-element elementor-element-14fb7b9 elementor-widget elementor-widget-text-editor\" data-id=\"14fb7b9\" data-element_type=\"widget\" data-e-type=\"widget\" data-widget_type=\"text-editor.default\">\n\t\t\t\t\t\t\t\t\t<h2>Hvorfor jobbe i Ivo<\/h2>\n<p>Vi tror du vil trives i v\u00e5rt fagtunge milj\u00f8 med lave skuldre, spennende kunder, flotte goder og fordeler som bidrar til balanse mellom jobb og privatliv.<\/p>\n<ul>\n<li>Et inkluderende og godt arbeidsmilj\u00f8 hvor alle er velkommen<\/li>\n<li>Et sterkt fagmilj\u00f8 med h\u00f8y kompetanse<\/li>\n<li>Moderne kontorer sentralt i Oslo sentrum<\/li>\n<li>Mulighet for hjemmekontor<\/li>\n<li>5 uker ferie, i tillegg til fri i p\u00e5sken og romjulen<\/li>\n<li>Sv\u00e6rt gode pensjons- og forsikringsordninger<\/li>\n<\/ul>\t\t\t\t\t\t\t\t<\/div>\n\t\t<div class=\"elementor-element elementor-element-da9ef15 e-grid e-con-full e-con e-child\" data-id=\"da9ef15\" data-element_type=\"container\" data-e-type=\"container\">\n\t\t<div class=\"elementor-element elementor-element-67c0a68 e-con-full e-flex e-con e-child\" data-id=\"67c0a68\" data-element_type=\"container\" data-e-type=\"container\" data-settings=\"{&quot;background_background&quot;:&quot;classic&quot;,&quot;background_motion_fx_motion_fx_scrolling&quot;:&quot;yes&quot;,&quot;background_motion_fx_scale_effect&quot;:&quot;yes&quot;,&quot;background_motion_fx_scale_speed&quot;:{&quot;unit&quot;:&quot;px&quot;,&quot;size&quot;:2,&quot;sizes&quot;:[]},&quot;background_motion_fx_scale_direction&quot;:&quot;out-in&quot;,&quot;background_motion_fx_scale_range&quot;:{&quot;unit&quot;:&quot;%&quot;,&quot;size&quot;:&quot;&quot;,&quot;sizes&quot;:{&quot;start&quot;:20,&quot;end&quot;:80}},&quot;background_motion_fx_devices&quot;:[&quot;desktop&quot;,&quot;tablet&quot;,&quot;mobile&quot;]}\">\n\t\t\t\t<\/div>\n\t\t<div class=\"elementor-element elementor-element-497c99e e-con-full e-flex e-con e-child\" data-id=\"497c99e\" data-element_type=\"container\" data-e-type=\"container\" data-settings=\"{&quot;background_background&quot;:&quot;classic&quot;}\">\n\t\t<div class=\"elementor-element elementor-element-6cd6ea8 e-con-full e-flex e-con e-child\" data-id=\"6cd6ea8\" data-element_type=\"container\" data-e-type=\"container\">\n\t\t\t\t<div class=\"elementor-element elementor-element-046b9fc elementor-widget elementor-widget-text-editor\" data-id=\"046b9fc\" data-element_type=\"widget\" data-e-type=\"widget\" data-widget_type=\"text-editor.default\">\n\t\t\t\t\t\t\t\t\t<h2>\u00c5pen s\u00f8knad<\/h2><p>Vi har ingen konkrete stillingsutlysninger akkurat n\u00e5, men send oss gjerne en \u00e5pen s\u00f8knad om du tenker vi er en god match.<\/p><p>Du trenger ikke \u00e5 skrive omfattende \u2013 bare gi oss et innblikk i hvem du er og hva du \u00f8nsker \u00e5 bidra med. Om du lener deg p\u00e5 Linkedin, CV, en nettside eller egenprodusert sakprosa er opp til deg.<\/p><p><a href=\"mailto:hei@ivoexperience.no\">hei@ivoexperience.no<\/a><\/p>\t\t\t\t\t\t\t\t<\/div>\n\t\t\t\t<\/div>\n\t\t\t\t<\/div>\n\t\t\t\t<\/div>\n\t\t\t\t<\/div>\n\t\t\t\t<\/div>\n\t\t\t\t<\/div>\n\t\t","protected":false},"excerpt":{"rendered":"<p>Vi kombinerer ekspertise med et godt arbeidsmilj\u00f8 og fleksibilitet. Jobb med Nordens st\u00f8rste merkevarer og nyt fordeler som hjemmekontor og ukentlig massasje.<\/p>","protected":false},"author":3,"featured_media":0,"parent":0,"menu_order":0,"comment_status":"closed","ping_status":"closed","template":"","meta":{"footnotes":""},"class_list":["post-95","page","type-page","status-publish","hentry"],"pp_statuses_selecting_workflow":false,"pp_workflow_action":"current","pp_status_selection":"publish","yoast_head":"<!-- This site is optimized with the Yoast SEO plugin v27.5 - https:\/\/yoast.com\/product\/yoast-seo-wordpress\/ -->\n<title>Klar for nye utfordringer? Karriere hos Ivo Experience<\/title>\n<meta name=\"robots\" content=\"index, follow, max-snippet:-1, max-image-preview:large, max-video-preview:-1\" \/>\n<link rel=\"canonical\" href=\"https:\/\/ivoexperience.no\/en\/karriere\/\" \/>\n<meta property=\"og:locale\" content=\"en_US\" \/>\n<meta property=\"og:type\" content=\"article\" \/>\n<meta property=\"og:title\" content=\"Klar for nye utfordringer? Karriere hos Ivo Experience\" \/>\n<meta property=\"og:description\" content=\"Vi kombinerer ekspertise med et godt arbeidsmilj\u00f8 og fleksibilitet. Jobb med Nordens st\u00f8rste merkevarer og nyt fordeler som hjemmekontor og ukentlig massasje.\" \/>\n<meta property=\"og:url\" content=\"https:\/\/ivoexperience.no\/en\/karriere\/\" \/>\n<meta property=\"og:site_name\" content=\"Ivo Experience\" \/>\n<meta property=\"article:publisher\" content=\"https:\/\/www.facebook.com\/ivoexperience\" \/>\n<meta property=\"article:modified_time\" content=\"2026-01-14T11:15:39+00:00\" \/>\n<meta property=\"og:image\" content=\"https:\/\/ivoexperience.no\/wp-content\/uploads\/2026\/01\/cropped-ivo_favicon.webp\" \/>\n\t<meta property=\"og:image:width\" content=\"512\" \/>\n\t<meta property=\"og:image:height\" content=\"512\" \/>\n\t<meta property=\"og:image:type\" content=\"image\/webp\" \/>\n<meta name=\"twitter:card\" content=\"summary_large_image\" \/>\n<meta name=\"twitter:label1\" content=\"Est. reading time\" \/>\n\t<meta name=\"twitter:data1\" content=\"2 minutes\" \/>\n<script type=\"application\/ld+json\" class=\"yoast-schema-graph\">{\"@context\":\"https:\\\/\\\/schema.org\",\"@graph\":[{\"@type\":\"WebPage\",\"@id\":\"https:\\\/\\\/ivoexperience.no\\\/karriere\",\"url\":\"https:\\\/\\\/ivoexperience.no\\\/karriere\",\"name\":\"Klar for nye utfordringer? Karriere hos Ivo Experience\",\"isPartOf\":{\"@id\":\"https:\\\/\\\/ivoexperience.no\\\/#website\"},\"datePublished\":\"2023-05-08T07:59:10+00:00\",\"dateModified\":\"2026-01-14T11:15:39+00:00\",\"breadcrumb\":{\"@id\":\"https:\\\/\\\/ivoexperience.no\\\/karriere#breadcrumb\"},\"inLanguage\":\"en-US\",\"potentialAction\":[{\"@type\":\"ReadAction\",\"target\":[\"https:\\\/\\\/ivoexperience.no\\\/karriere\"]}]},{\"@type\":\"BreadcrumbList\",\"@id\":\"https:\\\/\\\/ivoexperience.no\\\/karriere#breadcrumb\",\"itemListElement\":[{\"@type\":\"ListItem\",\"position\":1,\"name\":\"Home\",\"item\":\"https:\\\/\\\/ivoexperience.no\\\/\"},{\"@type\":\"ListItem\",\"position\":2,\"name\":\"Karriere\"}]},{\"@type\":\"WebSite\",\"@id\":\"https:\\\/\\\/ivoexperience.no\\\/#website\",\"url\":\"https:\\\/\\\/ivoexperience.no\\\/\",\"name\":\"Ivo Experience\",\"description\":\"Forvandler klikk til kunder\",\"publisher\":{\"@id\":\"https:\\\/\\\/ivoexperience.no\\\/#organization\"},\"potentialAction\":[{\"@type\":\"SearchAction\",\"target\":{\"@type\":\"EntryPoint\",\"urlTemplate\":\"https:\\\/\\\/ivoexperience.no\\\/?s={search_term_string}\"},\"query-input\":{\"@type\":\"PropertyValueSpecification\",\"valueRequired\":true,\"valueName\":\"search_term_string\"}}],\"inLanguage\":\"en-US\"},{\"@type\":\"Organization\",\"@id\":\"https:\\\/\\\/ivoexperience.no\\\/#organization\",\"name\":\"Ivo Experience\",\"url\":\"https:\\\/\\\/ivoexperience.no\\\/\",\"logo\":{\"@type\":\"ImageObject\",\"inLanguage\":\"en-US\",\"@id\":\"https:\\\/\\\/ivoexperience.no\\\/#\\\/schema\\\/logo\\\/image\\\/\",\"url\":\"https:\\\/\\\/ivoexperience.no\\\/wp-content\\\/uploads\\\/2026\\\/01\\\/cropped-ivo_favicon.webp\",\"contentUrl\":\"https:\\\/\\\/ivoexperience.no\\\/wp-content\\\/uploads\\\/2026\\\/01\\\/cropped-ivo_favicon.webp\",\"width\":512,\"height\":512,\"caption\":\"Ivo Experience\"},\"image\":{\"@id\":\"https:\\\/\\\/ivoexperience.no\\\/#\\\/schema\\\/logo\\\/image\\\/\"},\"sameAs\":[\"https:\\\/\\\/www.facebook.com\\\/ivoexperience\",\"https:\\\/\\\/instagram.com\\\/ivoexperience\"]}]}<\/script>\n<!-- \/ Yoast SEO plugin. -->","yoast_head_json":{"title":"Klar for nye utfordringer? Karriere hos Ivo Experience","robots":{"index":"index","follow":"follow","max-snippet":"max-snippet:-1","max-image-preview":"max-image-preview:large","max-video-preview":"max-video-preview:-1"},"canonical":"https:\/\/ivoexperience.no\/en\/karriere\/","og_locale":"en_US","og_type":"article","og_title":"Klar for nye utfordringer? Karriere hos Ivo Experience","og_description":"Vi kombinerer ekspertise med et godt arbeidsmilj\u00f8 og fleksibilitet. Jobb med Nordens st\u00f8rste merkevarer og nyt fordeler som hjemmekontor og ukentlig massasje.","og_url":"https:\/\/ivoexperience.no\/en\/karriere\/","og_site_name":"Ivo Experience","article_publisher":"https:\/\/www.facebook.com\/ivoexperience","article_modified_time":"2026-01-14T11:15:39+00:00","og_image":[{"width":512,"height":512,"url":"https:\/\/ivoexperience.no\/wp-content\/uploads\/2026\/01\/cropped-ivo_favicon.webp","type":"image\/webp"}],"twitter_card":"summary_large_image","twitter_misc":{"Est. reading time":"2 minutes"},"schema":{"@context":"https:\/\/schema.org","@graph":[{"@type":"WebPage","@id":"https:\/\/ivoexperience.no\/karriere","url":"https:\/\/ivoexperience.no\/karriere","name":"Klar for nye utfordringer? Karriere hos Ivo Experience","isPartOf":{"@id":"https:\/\/ivoexperience.no\/#website"},"datePublished":"2023-05-08T07:59:10+00:00","dateModified":"2026-01-14T11:15:39+00:00","breadcrumb":{"@id":"https:\/\/ivoexperience.no\/karriere#breadcrumb"},"inLanguage":"en-US","potentialAction":[{"@type":"ReadAction","target":["https:\/\/ivoexperience.no\/karriere"]}]},{"@type":"BreadcrumbList","@id":"https:\/\/ivoexperience.no\/karriere#breadcrumb","itemListElement":[{"@type":"ListItem","position":1,"name":"Home","item":"https:\/\/ivoexperience.no\/"},{"@type":"ListItem","position":2,"name":"Karriere"}]},{"@type":"WebSite","@id":"https:\/\/ivoexperience.no\/#website","url":"https:\/\/ivoexperience.no\/","name":"Ivo Experience","description":"Forvandler klikk til kunder","publisher":{"@id":"https:\/\/ivoexperience.no\/#organization"},"potentialAction":[{"@type":"SearchAction","target":{"@type":"EntryPoint","urlTemplate":"https:\/\/ivoexperience.no\/?s={search_term_string}"},"query-input":{"@type":"PropertyValueSpecification","valueRequired":true,"valueName":"search_term_string"}}],"inLanguage":"en-US"},{"@type":"Organization","@id":"https:\/\/ivoexperience.no\/#organization","name":"Ivo Experience","url":"https:\/\/ivoexperience.no\/","logo":{"@type":"ImageObject","inLanguage":"en-US","@id":"https:\/\/ivoexperience.no\/#\/schema\/logo\/image\/","url":"https:\/\/ivoexperience.no\/wp-content\/uploads\/2026\/01\/cropped-ivo_favicon.webp","contentUrl":"https:\/\/ivoexperience.no\/wp-content\/uploads\/2026\/01\/cropped-ivo_favicon.webp","width":512,"height":512,"caption":"Ivo Experience"},"image":{"@id":"https:\/\/ivoexperience.no\/#\/schema\/logo\/image\/"},"sameAs":["https:\/\/www.facebook.com\/ivoexperience","https:\/\/instagram.com\/ivoexperience"]}]}},"jetpack_sharing_enabled":true,"_links":{"self":[{"href":"https:\/\/ivoexperience.no\/en\/wp-json\/wp\/v2\/pages\/95","targetHints":{"allow":["GET"]}}],"collection":[{"href":"https:\/\/ivoexperience.no\/en\/wp-json\/wp\/v2\/pages"}],"about":[{"href":"https:\/\/ivoexperience.no\/en\/wp-json\/wp\/v2\/types\/page"}],"author":[{"embeddable":true,"href":"https:\/\/ivoexperience.no\/en\/wp-json\/wp\/v2\/users\/3"}],"replies":[{"embeddable":true,"href":"https:\/\/ivoexperience.no\/en\/wp-json\/wp\/v2\/comments?post=95"}],"version-history":[{"count":177,"href":"https:\/\/ivoexperience.no\/en\/wp-json\/wp\/v2\/pages\/95\/revisions"}],"predecessor-version":[{"id":18727,"href":"https:\/\/ivoexperience.no\/en\/wp-json\/wp\/v2\/pages\/95\/revisions\/18727"}],"wp:attachment":[{"href":"https:\/\/ivoexperience.no\/en\/wp-json\/wp\/v2\/media?parent=95"}],"curies":[{"name":"wp","href":"https:\/\/api.w.org\/{rel}","templated":true}]}}